{"id":1210,"date":"2012-03-17T01:53:21","date_gmt":"2012-03-17T00:53:21","guid":{"rendered":"http:\/\/www.merkelenvannix.nl\/?page_id=1210"},"modified":"2023-01-05T23:26:56","modified_gmt":"2023-01-05T22:26:56","slug":"fabuleux","status":"publish","type":"page","link":"http:\/\/www.merkelenvannix.nl\/de\/acts\/fabuleux","title":{"rendered":"Fabuleux!"},"content":{"rendered":"\n<h2 class=\"wp-block-heading\">Natura Artist Magistra<\/h2>\n\n\n\n<p>Diese Vorstellung wird nicht mehr aufgef\u00fchrt.<\/p>\n\n\n\n<p>Folgen Sie uns auf eine fabul\u00f6se Entdeckungsreise zu den letzten wei\u00dfen Punkten der Weltkarte.<br \/>Wir haben das gro\u00dfe Geheimnis ans Licht und mitgebracht, um es hier in unserem reisenden Naturmuseum zu zeigen.<\/p>\n\n\n\n<p>Ein selbsternannter Professor f\u00fcr Zoocryptologie und Cryptomorphologie und sein f\u00e4higer Assistent pr\u00e4sentieren Tiere die bisher als ausgestorben oder als nicht existent galten.<\/p>\n\n\n\n<p>Sie wollen nicht das diese Wesen in Vergessenheit geraten. Aber will diese Sammlung \u00fcberhaupt entdeckt werden?<\/p>\n\n\n\n<p>Eine Figurentheater Vorstellung die die weite Welt auf Ihren Platz oder vor Ihre T\u00fcr bringt.<br \/>Das sollten Sie sehen, bevor das Museumszelt weiterzieht.<\/p>\n\n\n<div class=\"wp-block-image\">\n<figure class=\"alignleft\"><a href=\"http:\/\/www.merkelenvannix.nl\/wp-content\/uploads\/2012\/03\/fabuleux.jpg\"><img loading=\"lazy\" decoding=\"async\" width=\"767\" height=\"1024\" src=\"http:\/\/www.merkelenvannix.nl\/wp-content\/uploads\/2012\/03\/fabuleux-767x1024.jpg\" alt=\"\" class=\"wp-image-1217\" srcset=\"http:\/\/www.merkelenvannix.nl\/wp-content\/uploads\/2012\/03\/fabuleux-767x1024.jpg 767w, http:\/\/www.merkelenvannix.nl\/wp-content\/uploads\/2012\/03\/fabuleux-224x300.jpg 224w, http:\/\/www.merkelenvannix.nl\/wp-content\/uploads\/2012\/03\/fabuleux.jpg 800w\" sizes=\"auto, (max-width: 767px) 89vw, (max-width: 1000px) 54vw, (max-width: 1071px) 543px, 580px\" \/><\/a><\/figure>\n<\/div>\n\n\n<p>Ein Vorstellung von Merkel &amp; Vannix.<\/p>\n\n\n\n<p>Spieler: Tim Velraeds, Gijs Vennix<\/p>\n\n\n\n<p>Buchungen: <a href=\"http:\/\/www.totaaltheater.com\" target=\"_blank\" rel=\"noreferrer noopener\">Totaal theater<\/a><\/p>\n","protected":false},"excerpt":{"rendered":"<p>Natura Artist Magistra Diese Vorstellung wird nicht mehr aufgef\u00fchrt. Folgen Sie uns auf eine fabul\u00f6se Entdeckungsreise zu den letzten wei\u00dfen Punkten der Weltkarte.Wir haben das gro\u00dfe Geheimnis ans Licht und mitgebracht, um es hier in unserem reisenden Naturmuseum zu zeigen. Ein selbsternannter Professor f\u00fcr Zoocryptologie und Cryptomorphologie und sein f\u00e4higer Assistent pr\u00e4sentieren Tiere die bisher &hellip; <\/p>\n<p class=\"link-more\"><a href=\"http:\/\/www.merkelenvannix.nl\/de\/acts\/fabuleux\" class=\"more-link\">Continue reading<span class=\"screen-reader-text\"> &#8220;Fabuleux!&#8221;<\/span><\/a><\/p>\n","protected":false},"author":1,"featured_media":0,"parent":122,"menu_order":0,"comment_status":"closed","ping_status":"open","template":"","meta":{"ngg_post_thumbnail":0,"footnotes":""},"class_list":["post-1210","page","type-page","status-publish","hentry"],"translation":{"provider":"WPGlobus","version":"3.0.2","language":"de","enabled_languages":["nl","gb","de","fr","it"],"languages":{"nl":{"title":true,"content":true,"excerpt":false},"gb":{"title":true,"content":true,"excerpt":false},"de":{"title":true,"content":true,"excerpt":false},"fr":{"title":true,"content":true,"excerpt":false},"it":{"title":true,"content":true,"excerpt":false}}},"aioseo_notices":[],"featured_image_src":null,"featured_image_src_square":null,"_links":{"self":[{"href":"http:\/\/www.merkelenvannix.nl\/de\/wp-json\/wp\/v2\/pages\/1210","targetHints":{"allow":["GET"]}}],"collection":[{"href":"http:\/\/www.merkelenvannix.nl\/de\/wp-json\/wp\/v2\/pages"}],"about":[{"href":"http:\/\/www.merkelenvannix.nl\/de\/wp-json\/wp\/v2\/types\/page"}],"author":[{"embeddable":true,"href":"http:\/\/www.merkelenvannix.nl\/de\/wp-json\/wp\/v2\/users\/1"}],"replies":[{"embeddable":true,"href":"http:\/\/www.merkelenvannix.nl\/de\/wp-json\/wp\/v2\/comments?post=1210"}],"version-history":[{"count":37,"href":"http:\/\/www.merkelenvannix.nl\/de\/wp-json\/wp\/v2\/pages\/1210\/revisions"}],"predecessor-version":[{"id":3163,"href":"http:\/\/www.merkelenvannix.nl\/de\/wp-json\/wp\/v2\/pages\/1210\/revisions\/3163"}],"up":[{"embeddable":true,"href":"http:\/\/www.merkelenvannix.nl\/de\/wp-json\/wp\/v2\/pages\/122"}],"wp:attachment":[{"href":"http:\/\/www.merkelenvannix.nl\/de\/wp-json\/wp\/v2\/media?parent=1210"}],"curies":[{"name":"wp","href":"https:\/\/api.w.org\/{rel}","templated":true}]}}