{"id":15,"date":"2009-10-27T17:26:29","date_gmt":"2009-10-27T16:26:29","guid":{"rendered":"http:\/\/www.merkelenvannix.nl\/wordpress\/?page_id=15"},"modified":"2019-06-17T23:33:36","modified_gmt":"2019-06-17T21:33:36","slug":"jottnjol","status":"publish","type":"page","link":"http:\/\/www.merkelenvannix.nl\/de\/acts\/jottnjol","title":{"rendered":"J\u00f8ttnj\u00f8l"},"content":{"rendered":"\n<figure class=\"wp-block-image alignwide\"><img loading=\"lazy\" decoding=\"async\" width=\"1200\" height=\"865\" src=\"http:\/\/www.merkelenvannix.nl\/wp-content\/uploads\/2019\/01\/Merkel-en-Vannix-J\u00f8ttnj\u00f8l_voorkant-2019-1200x865.jpg\" alt=\"\" class=\"wp-image-2479\" srcset=\"http:\/\/www.merkelenvannix.nl\/wp-content\/uploads\/2019\/01\/Merkel-en-Vannix-J\u00f8ttnj\u00f8l_voorkant-2019-1200x865.jpg 1200w, http:\/\/www.merkelenvannix.nl\/wp-content\/uploads\/2019\/01\/Merkel-en-Vannix-J\u00f8ttnj\u00f8l_voorkant-2019-420x303.jpg 420w, http:\/\/www.merkelenvannix.nl\/wp-content\/uploads\/2019\/01\/Merkel-en-Vannix-J\u00f8ttnj\u00f8l_voorkant-2019-744x536.jpg 744w, http:\/\/www.merkelenvannix.nl\/wp-content\/uploads\/2019\/01\/Merkel-en-Vannix-J\u00f8ttnj\u00f8l_voorkant-2019-768x554.jpg 768w, http:\/\/www.merkelenvannix.nl\/wp-content\/uploads\/2019\/01\/Merkel-en-Vannix-J\u00f8ttnj\u00f8l_voorkant-2019.jpg 1819w\" sizes=\"auto, (max-width: 767px) 89vw, (max-width: 1000px) 54vw, (max-width: 1071px) 543px, 580px\" \/><\/figure>\n\n\n\n<p>J\u00f8ttnj\u00f8l ist ein Figurentheater Walkact. Zwei au\u00dfergew\u00f6hnliche Gestalten unterwegs mit ihren K\u00f6rben voller gesammelter Abenteuer.&nbsp;Sie h\u00f6ren nie mit dem Sammeln auf, schlie\u00dflich hat alles einen Wert. Stra\u00dfentheater mit einer poetischen Stimmung. Einzigartig und liebenswert.<\/p>\n\n\n\n<figure class=\"wp-block-image alignwide\"><img loading=\"lazy\" decoding=\"async\" width=\"900\" height=\"600\" src=\"http:\/\/www.merkelenvannix.nl\/wp-content\/uploads\/2015\/08\/MV-JJ-Hannover2015.jpg\" alt=\"\" class=\"wp-image-1910\" srcset=\"http:\/\/www.merkelenvannix.nl\/wp-content\/uploads\/2015\/08\/MV-JJ-Hannover2015.jpg 900w, http:\/\/www.merkelenvannix.nl\/wp-content\/uploads\/2015\/08\/MV-JJ-Hannover2015-300x200.jpg 300w, http:\/\/www.merkelenvannix.nl\/wp-content\/uploads\/2015\/08\/MV-JJ-Hannover2015-600x400.jpg 600w\" sizes=\"auto, (max-width: 767px) 89vw, (max-width: 1000px) 54vw, (max-width: 1071px) 543px, 580px\" \/><\/figure>\n\n\n\n<figure class=\"wp-block-image alignwide\"><img loading=\"lazy\" decoding=\"async\" width=\"320\" height=\"212\" src=\"http:\/\/www.merkelenvannix.nl\/wp-content\/uploads\/2009\/10\/Jottnjol-Merkel+Vannix-1-S-LR.jpg\" alt=\"\" class=\"wp-image-164\" srcset=\"http:\/\/www.merkelenvannix.nl\/wp-content\/uploads\/2009\/10\/Jottnjol-Merkel+Vannix-1-S-LR.jpg 320w, http:\/\/www.merkelenvannix.nl\/wp-content\/uploads\/2009\/10\/Jottnjol-Merkel+Vannix-1-S-LR-300x198.jpg 300w\" sizes=\"auto, (max-width: 320px) 100vw, 320px\" \/><\/figure>\n","protected":false},"excerpt":{"rendered":"<p>J\u00f8ttnj\u00f8l ist ein Figurentheater Walkact. Zwei au\u00dfergew\u00f6hnliche Gestalten unterwegs mit ihren K\u00f6rben voller gesammelter Abenteuer.&nbsp;Sie h\u00f6ren nie mit dem Sammeln auf, schlie\u00dflich hat alles einen Wert. Stra\u00dfentheater mit einer poetischen Stimmung. Einzigartig und liebenswert.<\/p>\n","protected":false},"author":1,"featured_media":0,"parent":122,"menu_order":2,"comment_status":"open","ping_status":"open","template":"","meta":{"ngg_post_thumbnail":0,"footnotes":""},"class_list":["post-15","page","type-page","status-publish","hentry"],"translation":{"provider":"WPGlobus","version":"3.0.2","language":"de","enabled_languages":["nl","gb","de","fr","it"],"languages":{"nl":{"title":true,"content":true,"excerpt":false},"gb":{"title":true,"content":true,"excerpt":false},"de":{"title":true,"content":true,"excerpt":false},"fr":{"title":true,"content":true,"excerpt":false},"it":{"title":true,"content":true,"excerpt":false}}},"aioseo_notices":[],"featured_image_src":null,"featured_image_src_square":null,"_links":{"self":[{"href":"http:\/\/www.merkelenvannix.nl\/de\/wp-json\/wp\/v2\/pages\/15","targetHints":{"allow":["GET"]}}],"collection":[{"href":"http:\/\/www.merkelenvannix.nl\/de\/wp-json\/wp\/v2\/pages"}],"about":[{"href":"http:\/\/www.merkelenvannix.nl\/de\/wp-json\/wp\/v2\/types\/page"}],"author":[{"embeddable":true,"href":"http:\/\/www.merkelenvannix.nl\/de\/wp-json\/wp\/v2\/users\/1"}],"replies":[{"embeddable":true,"href":"http:\/\/www.merkelenvannix.nl\/de\/wp-json\/wp\/v2\/comments?post=15"}],"version-history":[{"count":102,"href":"http:\/\/www.merkelenvannix.nl\/de\/wp-json\/wp\/v2\/pages\/15\/revisions"}],"predecessor-version":[{"id":3103,"href":"http:\/\/www.merkelenvannix.nl\/de\/wp-json\/wp\/v2\/pages\/15\/revisions\/3103"}],"up":[{"embeddable":true,"href":"http:\/\/www.merkelenvannix.nl\/de\/wp-json\/wp\/v2\/pages\/122"}],"wp:attachment":[{"href":"http:\/\/www.merkelenvannix.nl\/de\/wp-json\/wp\/v2\/media?parent=15"}],"curies":[{"name":"wp","href":"https:\/\/api.w.org\/{rel}","templated":true}]}}