{"id":17,"date":"2009-10-27T17:27:15","date_gmt":"2009-10-27T16:27:15","guid":{"rendered":"http:\/\/www.merkelenvannix.nl\/wordpress\/?page_id=17"},"modified":"2024-12-10T14:49:12","modified_gmt":"2024-12-10T13:49:12","slug":"videos","status":"publish","type":"page","link":"http:\/\/www.merkelenvannix.nl\/de\/gallery\/videos","title":{"rendered":"Video&#8217;s"},"content":{"rendered":"\n<h1 class=\"wp-block-heading\"><strong>P\u00eat-\u00e0-Porter<\/strong><\/h1>\n\n\n\n<div class=\"wp-block-group\"><div class=\"wp-block-group__inner-container is-layout-constrained wp-block-group-is-layout-constrained\">\n<figure class=\"wp-block-embed is-type-video is-provider-youtube wp-block-embed-youtube wp-embed-aspect-16-9 wp-has-aspect-ratio\"><div class=\"wp-block-embed__wrapper\">\n<iframe loading=\"lazy\" title=\"MV Pet a Porter\" width=\"525\" height=\"295\" src=\"https:\/\/www.youtube.com\/embed\/js_174HxdBY?feature=oembed\" frameborder=\"0\" allow=\"accelerometer; autoplay; clipboard-write; encrypted-media; gyroscope; picture-in-picture; web-share\" referrerpolicy=\"strict-origin-when-cross-origin\" allowfullscreen><\/iframe>\n<\/div><\/figure>\n<\/div><\/div>\n\n\n\n<div class=\"wp-block-group\"><div class=\"wp-block-group__inner-container is-layout-constrained wp-block-group-is-layout-constrained\">\n<figure class=\"wp-block-embed is-type-video is-provider-youtube wp-block-embed-youtube wp-embed-aspect-16-9 wp-has-aspect-ratio\"><div class=\"wp-block-embed__wrapper\">\n<iframe loading=\"lazy\" title=\"P\u00eat-\u00e0-Porter by Merkel &amp; Vannix (Tegelen, NL)\" width=\"525\" height=\"295\" src=\"https:\/\/www.youtube.com\/embed\/_A_nfLcdXow?feature=oembed\" frameborder=\"0\" allow=\"accelerometer; autoplay; clipboard-write; encrypted-media; gyroscope; picture-in-picture; web-share\" referrerpolicy=\"strict-origin-when-cross-origin\" allowfullscreen><\/iframe>\n<\/div><\/figure>\n<\/div><\/div>\n\n\n\n<h1 class=\"wp-block-heading\"><strong>J\u00f8ttnj\u00f8l<\/strong><\/h1>\n\n\n\n<div class=\"wp-block-group\"><div class=\"wp-block-group__inner-container is-layout-constrained wp-block-group-is-layout-constrained\">\n<figure class=\"wp-block-embed is-type-video is-provider-youtube wp-block-embed-youtube wp-embed-aspect-16-9 wp-has-aspect-ratio\"><div class=\"wp-block-embed__wrapper\">\n<iframe loading=\"lazy\" title=\"J\u00f8ttnj\u00f8l by Merkel&amp;Vannix 2023\" width=\"525\" height=\"295\" src=\"https:\/\/www.youtube.com\/embed\/nT92qI7YJYQ?feature=oembed\" frameborder=\"0\" allow=\"accelerometer; autoplay; clipboard-write; encrypted-media; gyroscope; picture-in-picture; web-share\" referrerpolicy=\"strict-origin-when-cross-origin\" allowfullscreen><\/iframe>\n<\/div><figcaption class=\"wp-element-caption\">J\u00f8ttnj\u00f8l by Merkel &amp; Vannix 2009-2024<\/figcaption><\/figure>\n<\/div><\/div>\n\n\n\n<figure class=\"wp-block-video\"><video height=\"1440\" style=\"aspect-ratio: 1080 \/ 1440;\" width=\"1080\" controls loop preload=\"auto\" src=\"http:\/\/www.merkelenvannix.nl\/wp-content\/uploads\/2017\/12\/J\u00f8ttnj\u00f8l-in-the-snow.mov\"><\/video><figcaption class=\"wp-element-caption\">J\u00f8ttnj\u00f8l in de sneeuw (Roermond dec 2017)<\/figcaption><\/figure>\n\n\n<p style=\"text-align: center;\"><strong>Winter J\u00f8ttnj\u00f8l<\/strong><\/p>\n<p style=\"text-align: center;\"><a href=\"http:\/\/www.merkelenvannix.nl\/wp-content\/uploads\/2017\/12\/J\u00f8ttnj\u00f8l-in-the-snow.mov\" target=\"_blank\" rel=\"noopener\">J\u00f8ttnj\u00f8l in the snow<\/a><\/p>\n<p style=\"text-align: center;\"><strong>Utrecht<\/strong><br \/><iframe loading=\"lazy\" src=\"http:\/\/www.youtube.com\/embed\/p1BWvvtss8s?rel=0\" width=\"425\" height=\"319\" frameborder=\"0\" allowfullscreen=\"allowfullscreen\" data-mce-fragment=\"1\"><\/iframe><\/p>\n<p style=\"text-align: center;\"><strong>Winter J\u00f8ttnj\u00f8l<\/strong><br \/><iframe loading=\"lazy\" src=\"http:\/\/www.youtube.com\/embed\/vXiYdb2WTwI?rel=0\" width=\"425\" height=\"239\" frameborder=\"0\" allowfullscreen=\"allowfullscreen\" data-mce-fragment=\"1\"><\/iframe><\/p>\n<p>&nbsp;<\/p>\n<p>https:\/\/www.facebook.com\/boschwinterparadijs\/videos\/1159985960765323\/<\/p>\n<p style=\"text-align: center;\"><strong>Ommetje om Oud-Merkelbeek (25 mei 2012)<br \/><\/strong><iframe loading=\"lazy\" src=\"http:\/\/www.youtube.com\/embed\/Q-dzjRt-fW0?rel=0\" width=\"425\" height=\"239\" frameborder=\"0\" data-mce-fragment=\"1\"><\/iframe><\/p>\n<p style=\"text-align: center;\"><strong>Oerol<\/strong><br \/><iframe loading=\"lazy\" src=\"http:\/\/www.youtube.com\/embed\/AZjKaee2Ydg?rel=0\" width=\"425\" height=\"319\" frameborder=\"0\" allowfullscreen=\"allowfullscreen\" data-mce-fragment=\"1\"><\/iframe><\/p>\n<p style=\"text-align: center;\"><strong>In Qatar<\/strong><br \/><iframe loading=\"lazy\" src=\"http:\/\/www.youtube.com\/embed\/4SKkCndBIgU?rel=0\" width=\"425\" height=\"239\" frameborder=\"0\" allowfullscreen=\"allowfullscreen\" data-mce-fragment=\"1\"><\/iframe><\/p>\n<p style=\"text-align: center;\"><iframe loading=\"lazy\" src=\"http:\/\/www.youtube.com\/embed\/MOXgHtNchwc?rel=0\" width=\"425\" height=\"239\" frameborder=\"0\" allowfullscreen=\"allowfullscreen\" data-mce-fragment=\"1\"><\/iframe><\/p>\n<p style=\"text-align: center;\"><strong>Zomerterras Vlaardingen<\/strong><br \/><iframe loading=\"lazy\" src=\"http:\/\/www.youtube.com\/embed\/0Sguxxzpy2Q?rel=0\" width=\"425\" height=\"239\" frameborder=\"0\" allowfullscreen=\"allowfullscreen\" data-mce-fragment=\"1\"><\/iframe><\/p>\n<p style=\"text-align: center;\"><strong>Delden<\/strong><br \/><iframe loading=\"lazy\" src=\"http:\/\/www.youtube.com\/embed\/Ab2xxngw5rc?rel=0\" width=\"425\" height=\"319\" frameborder=\"0\" allowfullscreen=\"allowfullscreen\" data-mce-fragment=\"1\"><\/iframe><\/p>\n<p style=\"text-align: center;\"><strong>Zwoele Zomeravond in het Kr\u00f6ller-M\u00fcller Museum<\/strong><br \/><iframe loading=\"lazy\" src=\"http:\/\/www.youtube.com\/embed\/sxozxi2U2vA?rel=0\" width=\"425\" height=\"319\" frameborder=\"0\" allowfullscreen=\"allowfullscreen\" data-mce-fragment=\"1\"><\/iframe><br \/>J\u00f8ttnj\u00f8l van 2:23-2:44<\/p>\n<p style=\"text-align: center;\"><strong>Bergen op Zoom<\/strong><br \/><iframe loading=\"lazy\" src=\"http:\/\/www.youtube.com\/embed\/OJwmTBGSjwU?rel=0\" width=\"425\" height=\"239\" frameborder=\"0\" allowfullscreen=\"allowfullscreen\" data-mce-fragment=\"1\"><\/iframe><br \/>J\u00f8ttnj\u00f8l &#8230; 1:08 &#8211; 1:48<\/p>\n<p style=\"text-align: center;\"><strong>Kerst op Schiphol 2012<\/strong><br \/><iframe loading=\"lazy\" src=\"http:\/\/www.youtube.com\/embed\/bF4EJaGyPa0?rel=0\" width=\"425\" height=\"239\" frameborder=\"0\" allowfullscreen=\"allowfullscreen\" data-mce-fragment=\"1\"><\/iframe><br \/>J\u00f8ttnj\u00f8l &#8230; 0:40<\/p>","protected":false},"excerpt":{"rendered":"<p>P\u00eat-\u00e0-Porter J\u00f8ttnj\u00f8l Winter J\u00f8ttnj\u00f8l J\u00f8ttnj\u00f8l in the snow Utrecht Winter J\u00f8ttnj\u00f8l &nbsp; https:\/\/www.facebook.com\/boschwinterparadijs\/videos\/1159985960765323\/ Ommetje om Oud-Merkelbeek (25 mei 2012) Oerol In Qatar Zomerterras Vlaardingen Delden Zwoele Zomeravond in het Kr\u00f6ller-M\u00fcller MuseumJ\u00f8ttnj\u00f8l van 2:23-2:44 Bergen op ZoomJ\u00f8ttnj\u00f8l &#8230; 1:08 &#8211; 1:48 Kerst op Schiphol 2012J\u00f8ttnj\u00f8l &#8230; 0:40<\/p>\n","protected":false},"author":1,"featured_media":0,"parent":120,"menu_order":2,"comment_status":"open","ping_status":"open","template":"","meta":{"ngg_post_thumbnail":0,"footnotes":""},"class_list":["post-17","page","type-page","status-publish","hentry"],"translation":{"provider":"WPGlobus","version":"3.0.2","language":"de","enabled_languages":["nl","gb","de","fr","it"],"languages":{"nl":{"title":true,"content":true,"excerpt":false},"gb":{"title":false,"content":true,"excerpt":false},"de":{"title":false,"content":false,"excerpt":false},"fr":{"title":false,"content":false,"excerpt":false},"it":{"title":false,"content":false,"excerpt":false}}},"aioseo_notices":[],"featured_image_src":null,"featured_image_src_square":null,"_links":{"self":[{"href":"http:\/\/www.merkelenvannix.nl\/de\/wp-json\/wp\/v2\/pages\/17","targetHints":{"allow":["GET"]}}],"collection":[{"href":"http:\/\/www.merkelenvannix.nl\/de\/wp-json\/wp\/v2\/pages"}],"about":[{"href":"http:\/\/www.merkelenvannix.nl\/de\/wp-json\/wp\/v2\/types\/page"}],"author":[{"embeddable":true,"href":"http:\/\/www.merkelenvannix.nl\/de\/wp-json\/wp\/v2\/users\/1"}],"replies":[{"embeddable":true,"href":"http:\/\/www.merkelenvannix.nl\/de\/wp-json\/wp\/v2\/comments?post=17"}],"version-history":[{"count":55,"href":"http:\/\/www.merkelenvannix.nl\/de\/wp-json\/wp\/v2\/pages\/17\/revisions"}],"predecessor-version":[{"id":3214,"href":"http:\/\/www.merkelenvannix.nl\/de\/wp-json\/wp\/v2\/pages\/17\/revisions\/3214"}],"up":[{"embeddable":true,"href":"http:\/\/www.merkelenvannix.nl\/de\/wp-json\/wp\/v2\/pages\/120"}],"wp:attachment":[{"href":"http:\/\/www.merkelenvannix.nl\/de\/wp-json\/wp\/v2\/media?parent=17"}],"curies":[{"name":"wp","href":"https:\/\/api.w.org\/{rel}","templated":true}]}}