{"id":1944,"date":"2015-12-02T12:14:23","date_gmt":"2015-12-02T11:14:23","guid":{"rendered":"http:\/\/www.merkelenvannix.nl\/?page_id=1944"},"modified":"2024-12-10T14:58:30","modified_gmt":"2024-12-10T13:58:30","slug":"pet-a-porter","status":"publish","type":"page","link":"http:\/\/www.merkelenvannix.nl\/de\/acts\/pet-a-porter","title":{"rendered":"P\u00eat-\u00e0-Porter"},"content":{"rendered":"\n<figure class=\"wp-block-image\"><img loading=\"lazy\" decoding=\"async\" width=\"724\" height=\"960\" src=\"http:\/\/www.merkelenvannix.nl\/wp-content\/uploads\/2015\/12\/PaP-Leaves.jpg\" alt=\"PaP-Leaves\" class=\"wp-image-1951\" srcset=\"http:\/\/www.merkelenvannix.nl\/wp-content\/uploads\/2015\/12\/PaP-Leaves.jpg 724w, http:\/\/www.merkelenvannix.nl\/wp-content\/uploads\/2015\/12\/PaP-Leaves-226x300.jpg 226w, http:\/\/www.merkelenvannix.nl\/wp-content\/uploads\/2015\/12\/PaP-Leaves-600x796.jpg 600w\" sizes=\"auto, (max-width: 724px) 100vw, 724px\" \/><\/figure>\n\n\n\n<p>Max der Hornaffe f\u00fchlt sich eigentlich \u00fcberall Zuhause. Er ist pflegeleicht, stubenrein, waschecht und knitterfrei\u2026 Das ideale Haus und K\u00fcchen Tier. Dieses Einzigartige Tier zieht mit seinem treuen W\u00e4rter &#8220;Porter&#8221; von Zoo zu Zoo, ob mann ihn aber irgendwo behalten m\u00f6chte? Ein mobiler Figurentheaterstra\u00dfenact mit Spieler und Puppe(nspieler)<\/p>\n\n\n\n<figure class=\"wp-block-image\"><img loading=\"lazy\" decoding=\"async\" width=\"500\" height=\"281\" src=\"http:\/\/www.merkelenvannix.nl\/wp-content\/uploads\/2015\/12\/PaP-Max-Banana.jpg\" alt=\"PaP-Max-Banana\" class=\"wp-image-1970\" srcset=\"http:\/\/www.merkelenvannix.nl\/wp-content\/uploads\/2015\/12\/PaP-Max-Banana.jpg 500w, http:\/\/www.merkelenvannix.nl\/wp-content\/uploads\/2015\/12\/PaP-Max-Banana-300x169.jpg 300w\" sizes=\"auto, (max-width: 500px) 100vw, 500px\" \/><\/figure>\n\n\n\n<figure class=\"wp-block-image\"><img loading=\"lazy\" decoding=\"async\" width=\"500\" height=\"295\" src=\"http:\/\/www.merkelenvannix.nl\/wp-content\/uploads\/2015\/12\/PaP-Max.jpg\" alt=\"PaP-Max\" class=\"wp-image-1971\" srcset=\"http:\/\/www.merkelenvannix.nl\/wp-content\/uploads\/2015\/12\/PaP-Max.jpg 500w, http:\/\/www.merkelenvannix.nl\/wp-content\/uploads\/2015\/12\/PaP-Max-300x177.jpg 300w\" sizes=\"auto, (max-width: 500px) 100vw, 500px\" \/><\/figure>\n\n\n\n<figure class=\"wp-block-image\"><img loading=\"lazy\" decoding=\"async\" width=\"500\" height=\"888\" src=\"http:\/\/www.merkelenvannix.nl\/wp-content\/uploads\/2015\/12\/PaP-Porter.jpg\" alt=\"PaP-Porter\" class=\"wp-image-1969\" srcset=\"http:\/\/www.merkelenvannix.nl\/wp-content\/uploads\/2015\/12\/PaP-Porter.jpg 500w, http:\/\/www.merkelenvannix.nl\/wp-content\/uploads\/2015\/12\/PaP-Porter-169x300.jpg 169w\" sizes=\"auto, (max-width: 500px) 100vw, 500px\" \/><\/figure>\n\n\n\n<p>Puppenspieler: Tim Velraeds <br \/>Porter: Gijs Vennix<br \/><br \/>Danke an Stefanie Czapla (Puppe), Ari Hoekstra und Alice (Koffer und Trolley), Dennis Van de Klundert (Bilder), Vater und Mick (Schwei\u00dfen)<\/p>\n","protected":false},"excerpt":{"rendered":"<p>Max der Hornaffe f\u00fchlt sich eigentlich \u00fcberall Zuhause. Er ist pflegeleicht, stubenrein, waschecht und knitterfrei\u2026 Das ideale Haus und K\u00fcchen Tier. Dieses Einzigartige Tier zieht mit seinem treuen W\u00e4rter &#8220;Porter&#8221; von Zoo zu Zoo, ob mann ihn aber irgendwo behalten m\u00f6chte? Ein mobiler Figurentheaterstra\u00dfenact mit Spieler und Puppe(nspieler) Puppenspieler: Tim Velraeds Porter: Gijs Vennix Danke &hellip; <\/p>\n<p class=\"link-more\"><a href=\"http:\/\/www.merkelenvannix.nl\/de\/acts\/pet-a-porter\" class=\"more-link\">Continue reading<span class=\"screen-reader-text\"> &#8220;P\u00eat-\u00e0-Porter&#8221;<\/span><\/a><\/p>\n","protected":false},"author":1,"featured_media":0,"parent":122,"menu_order":4,"comment_status":"closed","ping_status":"closed","template":"","meta":{"ngg_post_thumbnail":0,"footnotes":""},"class_list":["post-1944","page","type-page","status-publish","hentry"],"translation":{"provider":"WPGlobus","version":"3.0.2","language":"de","enabled_languages":["nl","gb","de","fr","it"],"languages":{"nl":{"title":true,"content":true,"excerpt":false},"gb":{"title":true,"content":true,"excerpt":false},"de":{"title":true,"content":true,"excerpt":false},"fr":{"title":true,"content":true,"excerpt":false},"it":{"title":true,"content":true,"excerpt":false}}},"aioseo_notices":[],"featured_image_src":null,"featured_image_src_square":null,"_links":{"self":[{"href":"http:\/\/www.merkelenvannix.nl\/de\/wp-json\/wp\/v2\/pages\/1944","targetHints":{"allow":["GET"]}}],"collection":[{"href":"http:\/\/www.merkelenvannix.nl\/de\/wp-json\/wp\/v2\/pages"}],"about":[{"href":"http:\/\/www.merkelenvannix.nl\/de\/wp-json\/wp\/v2\/types\/page"}],"author":[{"embeddable":true,"href":"http:\/\/www.merkelenvannix.nl\/de\/wp-json\/wp\/v2\/users\/1"}],"replies":[{"embeddable":true,"href":"http:\/\/www.merkelenvannix.nl\/de\/wp-json\/wp\/v2\/comments?post=1944"}],"version-history":[{"count":61,"href":"http:\/\/www.merkelenvannix.nl\/de\/wp-json\/wp\/v2\/pages\/1944\/revisions"}],"predecessor-version":[{"id":3219,"href":"http:\/\/www.merkelenvannix.nl\/de\/wp-json\/wp\/v2\/pages\/1944\/revisions\/3219"}],"up":[{"embeddable":true,"href":"http:\/\/www.merkelenvannix.nl\/de\/wp-json\/wp\/v2\/pages\/122"}],"wp:attachment":[{"href":"http:\/\/www.merkelenvannix.nl\/de\/wp-json\/wp\/v2\/media?parent=1944"}],"curies":[{"name":"wp","href":"https:\/\/api.w.org\/{rel}","templated":true}]}}