{"id":2138,"date":"2016-04-14T14:42:17","date_gmt":"2016-04-14T12:42:17","guid":{"rendered":"http:\/\/www.merkelenvannix.nl\/?page_id=2138"},"modified":"2016-10-05T23:51:06","modified_gmt":"2016-10-05T21:51:06","slug":"press-pet-a-porter","status":"publish","type":"page","link":"http:\/\/www.merkelenvannix.nl\/de\/gallery\/press\/press-pet-a-porter","title":{"rendered":"Press &#8211; P\u00eat-\u00e0-Porter"},"content":{"rendered":"<h3>foto\u2019s en promotekst &#8211; P\u00eat-\u00e0-Porter<\/h3>\n<p>Klik op de foto om een versie in een hoge resolutie te downloaden.<br \/>\nClick on the Picture to download a version in High Resolution<br \/>\n(right click \u201cSave link as\u201d)<\/p>\n<p>| <a href=\"http:\/\/www.merkelenvannix.nl\/wp-content\/uploads\/2016\/04\/MV-PaP-HR\/Merkel-Vannix-Pet-a-Porter-leaves-HR.jpg\" target=\"_blank\">Picture #1<\/a> | <a href=\"http:\/\/www.merkelenvannix.nl\/wp-content\/uploads\/2016\/04\/MV-PaP-HR\/Merkel-Vannix-Pet-a-Porter-donotfeed-HR.jpg\">Picture #2<\/a> | <a href=\"http:\/\/www.merkelenvannix.nl\/wp-content\/uploads\/2016\/04\/MV-PaP-HR\/Merkel-Vannix-Pet-a-Porter-hug-face-HR.jpg\">Picture #3<\/a> | <a href=\"http:\/\/Merkel &amp; Vannix | P\u00eat-\u00e0-Porter \u2013 Hug | Picture#3 | Photo: DvdK\">Picture #4<\/a> |<\/p>\n<figure id=\"attachment_1951\" aria-describedby=\"caption-attachment-1951\" style=\"width: 300px\" class=\"wp-caption alignleft\"><a href=\"http:\/\/www.merkelenvannix.nl\/wp-content\/uploads\/2016\/04\/MV-PaP-HR\/Merkel-Vannix-Pet-a-Porter-leaves-HR.jpg\" rel=\"http:\/\/www.merkelenvannix.nl\/wp-content\/uploads\/2016\/04\/MV-PaP-HR\/Merkel-Vannix-Pet-a-Porter-leaves-HR.jpg\"><img loading=\"lazy\" decoding=\"async\" class=\"wp-image-1951\" src=\"http:\/\/www.merkelenvannix.nl\/wp-content\/uploads\/2015\/12\/PaP-Leaves-226x300.jpg\" alt=\"PaP-Leaves\" width=\"300\" height=\"398\" srcset=\"http:\/\/www.merkelenvannix.nl\/wp-content\/uploads\/2015\/12\/PaP-Leaves-226x300.jpg 226w, http:\/\/www.merkelenvannix.nl\/wp-content\/uploads\/2015\/12\/PaP-Leaves-600x796.jpg 600w, http:\/\/www.merkelenvannix.nl\/wp-content\/uploads\/2015\/12\/PaP-Leaves.jpg 724w\" sizes=\"auto, (max-width: 300px) 100vw, 300px\" \/><\/a><figcaption id=\"caption-attachment-1951\" class=\"wp-caption-text\">Merkel &amp; Vannix | P\u00eat-\u00e0-Porter leaves | Picture#1 Photo: DvdK<\/figcaption><\/figure>\n<p>&nbsp;<\/p>\n<p>&nbsp;<\/p>\n<p>&nbsp;<\/p>\n<p>&nbsp;<\/p>\n<p>&nbsp;<\/p>\n<p>&nbsp;<\/p>\n<p>&nbsp;<\/p>\n<p>&nbsp;<\/p>\n<p>&nbsp;<\/p>\n<p>&nbsp;<\/p>\n<p>&nbsp;<\/p>\n<p>&nbsp;<\/p>\n<p>&nbsp;<\/p>\n<figure id=\"attachment_1972\" aria-describedby=\"caption-attachment-1972\" style=\"width: 300px\" class=\"wp-caption alignleft\"><a href=\"http:\/\/www.merkelenvannix.nl\/wp-content\/uploads\/2016\/04\/MV-PaP-HR\/Merkel-Vannix-Pet-a-Porter-donotfeed-HR.jpg\" rel=\"http:\/\/www.merkelenvannix.nl\/wp-content\/uploads\/2016\/04\/MV-PaP-HR\/Merkel-Vannix-Pet-a-Porter-donotfeed-HR.jpg\"><img loading=\"lazy\" decoding=\"async\" class=\"wp-image-1972\" src=\"http:\/\/www.merkelenvannix.nl\/wp-content\/uploads\/2015\/12\/PaP-donotfeed-169x300.jpg\" alt=\"PaP-donotfeed\" width=\"300\" height=\"533\" srcset=\"http:\/\/www.merkelenvannix.nl\/wp-content\/uploads\/2015\/12\/PaP-donotfeed-169x300.jpg 169w, http:\/\/www.merkelenvannix.nl\/wp-content\/uploads\/2015\/12\/PaP-donotfeed.jpg 500w\" sizes=\"auto, (max-width: 300px) 100vw, 300px\" \/><\/a><figcaption id=\"caption-attachment-1972\" class=\"wp-caption-text\">Merkel &amp; Vannix | P\u00eat-\u00e0-Porter &#8211; do not feed | Picture#2 Photo: DvdK<\/figcaption><\/figure>\n<p>&nbsp;<\/p>\n<p>&nbsp;<\/p>\n<p>&nbsp;<\/p>\n<p>&nbsp;<\/p>\n<p>&nbsp;<\/p>\n<p>&nbsp;<\/p>\n<p>&nbsp;<\/p>\n<p>&nbsp;<\/p>\n<p>&nbsp;<\/p>\n<p>&nbsp;<\/p>\n<p>&nbsp;<\/p>\n<p>&nbsp;<\/p>\n<p>&nbsp;<\/p>\n<p>&nbsp;<\/p>\n<p>&nbsp;<\/p>\n<p>&nbsp;<\/p>\n<figure id=\"attachment_1973\" aria-describedby=\"caption-attachment-1973\" style=\"width: 300px\" class=\"wp-caption alignleft\"><a href=\"http:\/\/www.merkelenvannix.nl\/wp-content\/uploads\/2016\/04\/MV-PaP-HR\/Merkel-Vannix-Pet-a-Porter-hug-face-HR.jpg\" rel=\"http:\/\/www.merkelenvannix.nl\/wp-content\/uploads\/2016\/04\/MV-PaP-HR\/Merkel-Vannix-Pet-a-Porter-hug-face-HR.jpg\"><img loading=\"lazy\" decoding=\"async\" class=\"wp-image-1973\" src=\"http:\/\/www.merkelenvannix.nl\/wp-content\/uploads\/2015\/12\/PaP-omhelzingface-169x300.jpg\" alt=\"PaP-omhelzingface\" width=\"300\" height=\"533\" srcset=\"http:\/\/www.merkelenvannix.nl\/wp-content\/uploads\/2015\/12\/PaP-omhelzingface-169x300.jpg 169w, http:\/\/www.merkelenvannix.nl\/wp-content\/uploads\/2015\/12\/PaP-omhelzingface.jpg 500w\" sizes=\"auto, (max-width: 300px) 100vw, 300px\" \/><\/a><figcaption id=\"caption-attachment-1973\" class=\"wp-caption-text\">Merkel &amp; Vannix | P\u00eat-\u00e0-Porter \u2013 Hug | Picture#3 | Photo: DvdK<\/figcaption><\/figure>\n<p>&nbsp;<\/p>\n<p>&nbsp;<\/p>\n<p>&nbsp;<\/p>\n<p>&nbsp;<\/p>\n<p>&nbsp;<\/p>\n<p>&nbsp;<\/p>\n<p>&nbsp;<\/p>\n<p>&nbsp;<\/p>\n<p>&nbsp;<\/p>\n<p>&nbsp;<\/p>\n<p>&nbsp;<\/p>\n<p>&nbsp;<\/p>\n<p>&nbsp;<\/p>\n<p>&nbsp;<\/p>\n<p>&nbsp;<\/p>\n<p>&nbsp;<\/p>\n<figure id=\"attachment_1971\" aria-describedby=\"caption-attachment-1971\" style=\"width: 300px\" class=\"wp-caption alignleft\"><a href=\"http:\/\/www.merkelenvannix.nl\/wp-content\/uploads\/2016\/04\/MV-PaP-HR\/Merkel-Vannix-Pet-a-Porter-Max-HR.jpg\" rel=\"http:\/\/www.merkelenvannix.nl\/wp-content\/uploads\/2016\/04\/MV-PaP-HR\/Merkel-Vannix-Pet-a-Porter-Max-HR.jpg\"><img loading=\"lazy\" decoding=\"async\" class=\"wp-image-1971 size-medium\" src=\"http:\/\/www.merkelenvannix.nl\/wp-content\/uploads\/2015\/12\/PaP-Max-300x177.jpg\" alt=\"PaP-Max\" width=\"300\" height=\"177\" srcset=\"http:\/\/www.merkelenvannix.nl\/wp-content\/uploads\/2015\/12\/PaP-Max-300x177.jpg 300w, http:\/\/www.merkelenvannix.nl\/wp-content\/uploads\/2015\/12\/PaP-Max.jpg 500w\" sizes=\"auto, (max-width: 300px) 100vw, 300px\" \/><\/a><figcaption id=\"caption-attachment-1971\" class=\"wp-caption-text\">Merkel &amp; Vannix | P\u00eat-\u00e0-Porter \u2013 Max Picture#4 | Photo: DvdK<\/figcaption><\/figure>\n<p>&nbsp;<\/p>\n<p>&nbsp;<\/p>\n<p>&nbsp;<\/p>\n<p>&nbsp;<\/p>\n<p>&nbsp;<\/p>\n<p>&nbsp;<\/p>\n<p>&nbsp;<\/p>\n<p>&nbsp;<\/p>\n<p>&nbsp;<\/p>\n<p>&nbsp;<\/p>\n<p>&nbsp;<\/p>\n<p>&nbsp;<\/p>\n<p>&nbsp;<\/p>\n<p><strong>Nederlands<\/strong><\/p>\n<blockquote><p><strong>P\u00eat-\u00e0-Porter<\/strong> &#8211; Max de hoornaap voelt zich eigenlijk overal thuis; hij is makkelijk in de omgang, zindelijk, wasecht en kreukvrij, het ideale huis-tuin-of-keuken dier. Dit unieke dier reist met zijn trouwe oppasser &#8220;Porter&#8221; van dierentuin naar dierentuin, maar of ze hem ergens willen houden? Een mobiele figurentheaterstraatact met een speler en een pop(penspeler)<br \/>\nSpelers: Tim Velraeds &amp; Gijs Vennix (www.merkelenvannix.nl)<\/p><\/blockquote>\n<p><strong>Deutsch<\/strong><\/p>\n<blockquote><p><strong>P\u00eat-\u00e0-Porter<\/strong> &#8211; Max der Hornaffe f\u00fchlt sich eigentlich \u00fcberall Zuhause. Er ist pflegeleicht, stubenrein, waschecht und knitterfrei\u2026 Das ideale Haus und K\u00fcchen Tier. Dieses Einzigartige Tier zieht mit seinem treuen W\u00e4rter \u201cPorter\u201d von Zoo zu Zoo, ob mann ihn aber irgendwo behalten m\u00f6chte? Ein mobiler Figurentheaterstra\u00dfenact mit Spieler und Puppe(nspieler)<br \/>\nSpieler: Tim Velraeds &amp; Gijs Vennix (www.merkelenvannix.nl)<\/p><\/blockquote>\n<p><strong>English<\/strong><\/p>\n<blockquote><p><strong>P\u00eat-\u00e0-Porter<\/strong> &#8211; Max the Horned ape feels at home in any environment. He is easy to handle, housebroken, colorproof and easy to iron (wrinkle free). The ideal house and garden pet. This unique animal travels from zoo to zoo with his loyal porter \u201ePorter\u201d, but will he find a place that would like to keep him?<br \/>\nA mobile puppetry streetact with one performer and one puppet(eer).<br \/>\nPerformers: Tim Velraeds &amp; Gijs Vennix (www.merkelenvannix.nl)<\/p><\/blockquote>\n<p><strong>Fran\u00e7ais<\/strong><\/p>\n<blockquote><p><strong>B\u00eate-\u00e0-Porter<\/strong> &#8211; Max, le singe cornu, se sent bien dans n\u2019importe quel environnement. Il est facile \u00e0 g\u00e9rer, se nettoie bien et est facile \u00e0 repasser (infroissable). C\u2019est l\u2019animal de compagnie id\u00e9al. Cet animal unique voyage de zoo en zoo avec son loyal porteur \u00abPorter\u00bb mais trouvera-t-il un endroit qui voudra le garder ?<br \/>\nUn spectacle mobile de marionnette de rue avec un performeur et un marionnet(tiste).<br \/>\nPerformeurs: Tim Velraeds &amp; Gijs Vennix (www.merkelenvannix.nl)<\/p><\/blockquote>\n","protected":false},"excerpt":{"rendered":"<p>foto\u2019s en promotekst &#8211; P\u00eat-\u00e0-Porter Klik op de foto om een versie in een hoge resolutie te downloaden. Click on the Picture to download a version in High Resolution (right click \u201cSave link as\u201d) | Picture #1 | Picture #2 | Picture #3 | Picture #4 | &nbsp; &nbsp; &nbsp; &nbsp; &nbsp; &nbsp; &nbsp; &nbsp; &hellip; <\/p>\n<p class=\"link-more\"><a href=\"http:\/\/www.merkelenvannix.nl\/de\/gallery\/press\/press-pet-a-porter\" class=\"more-link\">Continue reading<span class=\"screen-reader-text\"> &#8220;Press &#8211; P\u00eat-\u00e0-Porter&#8221;<\/span><\/a><\/p>\n","protected":false},"author":1,"featured_media":0,"parent":2140,"menu_order":0,"comment_status":"closed","ping_status":"closed","template":"","meta":{"ngg_post_thumbnail":0,"footnotes":""},"class_list":["post-2138","page","type-page","status-publish","hentry"],"translation":{"provider":"WPGlobus","version":"3.0.2","language":"de","enabled_languages":["nl","gb","de","fr","it"],"languages":{"nl":{"title":true,"content":true,"excerpt":false},"gb":{"title":false,"content":false,"excerpt":false},"de":{"title":false,"content":false,"excerpt":false},"fr":{"title":false,"content":false,"excerpt":false},"it":{"title":false,"content":false,"excerpt":false}}},"aioseo_notices":[],"featured_image_src":null,"featured_image_src_square":null,"_links":{"self":[{"href":"http:\/\/www.merkelenvannix.nl\/de\/wp-json\/wp\/v2\/pages\/2138","targetHints":{"allow":["GET"]}}],"collection":[{"href":"http:\/\/www.merkelenvannix.nl\/de\/wp-json\/wp\/v2\/pages"}],"about":[{"href":"http:\/\/www.merkelenvannix.nl\/de\/wp-json\/wp\/v2\/types\/page"}],"author":[{"embeddable":true,"href":"http:\/\/www.merkelenvannix.nl\/de\/wp-json\/wp\/v2\/users\/1"}],"replies":[{"embeddable":true,"href":"http:\/\/www.merkelenvannix.nl\/de\/wp-json\/wp\/v2\/comments?post=2138"}],"version-history":[{"count":18,"href":"http:\/\/www.merkelenvannix.nl\/de\/wp-json\/wp\/v2\/pages\/2138\/revisions"}],"predecessor-version":[{"id":2208,"href":"http:\/\/www.merkelenvannix.nl\/de\/wp-json\/wp\/v2\/pages\/2138\/revisions\/2208"}],"up":[{"embeddable":true,"href":"http:\/\/www.merkelenvannix.nl\/de\/wp-json\/wp\/v2\/pages\/2140"}],"wp:attachment":[{"href":"http:\/\/www.merkelenvannix.nl\/de\/wp-json\/wp\/v2\/media?parent=2138"}],"curies":[{"name":"wp","href":"https:\/\/api.w.org\/{rel}","templated":true}]}}