{"id":2140,"date":"2016-04-14T14:47:07","date_gmt":"2016-04-14T12:47:07","guid":{"rendered":"http:\/\/www.merkelenvannix.nl\/?page_id=2140"},"modified":"2019-01-16T20:26:32","modified_gmt":"2019-01-16T19:26:32","slug":"press","status":"publish","type":"page","link":"http:\/\/www.merkelenvannix.nl\/de\/gallery\/press","title":{"rendered":"Press"},"content":{"rendered":"\n<p>Op de volgende pagina&#8217;s vind je foto&#8217;s in hoge resolutie voor drukwerk. &nbsp;Ook zijn er promoteksten te vinden die je bij de foto&#8217;s kunt plaatsen. &nbsp;<\/p>\n\n\n\n<p><a href=\"http:\/\/www.merkelenvannix.nl\/gallery\/press\/press-jj\">J\u00f8ttnj\u00f8l<\/a><\/p>\n\n\n\n<p><a href=\"http:\/\/www.merkelenvannix.nl\/gallery\/press\/press-winter-jottnjol\">Winter J\u00f8ttnj\u00f8l<\/a><\/p>\n\n\n\n<p><a href=\"http:\/\/www.merkelenvannix.nl\/gallery\/press\/press-pet-a-porter\">P\u00eat-\u00e0-Porter<\/a><\/p>\n","protected":false},"excerpt":{"rendered":"<p>Op de volgende pagina&#8217;s vind je foto&#8217;s in hoge resolutie voor drukwerk. &nbsp;Ook zijn er promoteksten te vinden die je bij de foto&#8217;s kunt plaatsen. &nbsp; J\u00f8ttnj\u00f8l Winter J\u00f8ttnj\u00f8l P\u00eat-\u00e0-Porter<\/p>\n","protected":false},"author":1,"featured_media":0,"parent":120,"menu_order":0,"comment_status":"closed","ping_status":"closed","template":"","meta":{"ngg_post_thumbnail":0,"footnotes":""},"class_list":["post-2140","page","type-page","status-publish","hentry"],"translation":{"provider":"WPGlobus","version":"3.0.2","language":"de","enabled_languages":["nl","gb","de","fr","it"],"languages":{"nl":{"title":true,"content":true,"excerpt":false},"gb":{"title":false,"content":false,"excerpt":false},"de":{"title":false,"content":false,"excerpt":false},"fr":{"title":false,"content":false,"excerpt":false},"it":{"title":false,"content":false,"excerpt":false}}},"aioseo_notices":[],"featured_image_src":null,"featured_image_src_square":null,"_links":{"self":[{"href":"http:\/\/www.merkelenvannix.nl\/de\/wp-json\/wp\/v2\/pages\/2140","targetHints":{"allow":["GET"]}}],"collection":[{"href":"http:\/\/www.merkelenvannix.nl\/de\/wp-json\/wp\/v2\/pages"}],"about":[{"href":"http:\/\/www.merkelenvannix.nl\/de\/wp-json\/wp\/v2\/types\/page"}],"author":[{"embeddable":true,"href":"http:\/\/www.merkelenvannix.nl\/de\/wp-json\/wp\/v2\/users\/1"}],"replies":[{"embeddable":true,"href":"http:\/\/www.merkelenvannix.nl\/de\/wp-json\/wp\/v2\/comments?post=2140"}],"version-history":[{"count":5,"href":"http:\/\/www.merkelenvannix.nl\/de\/wp-json\/wp\/v2\/pages\/2140\/revisions"}],"predecessor-version":[{"id":2728,"href":"http:\/\/www.merkelenvannix.nl\/de\/wp-json\/wp\/v2\/pages\/2140\/revisions\/2728"}],"up":[{"embeddable":true,"href":"http:\/\/www.merkelenvannix.nl\/de\/wp-json\/wp\/v2\/pages\/120"}],"wp:attachment":[{"href":"http:\/\/www.merkelenvannix.nl\/de\/wp-json\/wp\/v2\/media?parent=2140"}],"curies":[{"name":"wp","href":"https:\/\/api.w.org\/{rel}","templated":true}]}}