{"id":1210,"date":"2012-03-17T01:53:21","date_gmt":"2012-03-17T00:53:21","guid":{"rendered":"http:\/\/www.merkelenvannix.nl\/?page_id=1210"},"modified":"2023-01-05T23:26:56","modified_gmt":"2023-01-05T22:26:56","slug":"fabuleux","status":"publish","type":"page","link":"http:\/\/www.merkelenvannix.nl\/fr\/acts\/fabuleux","title":{"rendered":"Fabuleux!"},"content":{"rendered":"\n<p>Natura Artiste Magistra<\/p>\n\n\n\n<p>N.B. Les Fabuleux ! n&#8217;est plus jou\u00e9. Les personnages reviennent dans diff\u00e9rents actes.<\/p>\n\n\n\n<p>Laissez-vous embarquer dans un fabuleux voyage de d\u00e9couverte le long des derniers points blancs de la mappemonde. Nous vous avons r\u00e9v\u00e9l\u00e9 les plus grands secrets et les avons apport\u00e9s avec nous pour vous les montrer ici dans notre mini(n) mus\u00e9e itin\u00e9rant de la nature.<\/p>\n\n\n\n<p>Un professeur autoproclam\u00e9 de zoocryptologie et de cryptomorphologie et son assistant qualifi\u00e9 montrent des animaux qui \u00e9taient auparavant consid\u00e9r\u00e9s comme \u00e9teints ou n&#8217;ont jamais exist\u00e9. Ils tentent ainsi de sauver ces cr\u00e9atures de l&#8217;oubli. Mais la collection est-elle d&#8217;accord avec \u00e7a ?\u2026<\/p>\n\n\n\n<p>Un spectacle de th\u00e9\u00e2tre de marionnettes qui am\u00e8ne le monde entier sur votre place ou votre porte d&#8217;entr\u00e9e. Venez le voir avant que ce mus\u00e9e ne s&#8217;installe ailleurs !<\/p>\n\n\n\n<figure class=\"wp-block-image\"><img loading=\"lazy\" decoding=\"async\" width=\"538\" height=\"763\" src=\"http:\/\/www.merkelenvannix.nl\/wp-content\/uploads\/2013\/02\/Merkel-en-Vannix-Fabuleux-voorkant-portrait.jpg\" alt=\"\" class=\"wp-image-1494\" srcset=\"http:\/\/www.merkelenvannix.nl\/wp-content\/uploads\/2013\/02\/Merkel-en-Vannix-Fabuleux-voorkant-portrait.jpg 538w, http:\/\/www.merkelenvannix.nl\/wp-content\/uploads\/2013\/02\/Merkel-en-Vannix-Fabuleux-voorkant-portrait-211x300.jpg 211w\" sizes=\"auto, (max-width: 538px) 100vw, 538px\" \/><\/figure>\n\n\n\n<p><\/p>\n","protected":false},"excerpt":{"rendered":"<p>Natura Artiste Magistra N.B. Les Fabuleux ! n&#8217;est plus jou\u00e9. Les personnages reviennent dans diff\u00e9rents actes. Laissez-vous embarquer dans un fabuleux voyage de d\u00e9couverte le long des derniers points blancs de la mappemonde. Nous vous avons r\u00e9v\u00e9l\u00e9 les plus grands secrets et les avons apport\u00e9s avec nous pour vous les montrer ici dans notre mini(n) &hellip; <\/p>\n<p class=\"link-more\"><a href=\"http:\/\/www.merkelenvannix.nl\/fr\/acts\/fabuleux\" class=\"more-link\">Continue reading<span class=\"screen-reader-text\"> &#8220;Fabuleux!&#8221;<\/span><\/a><\/p>\n","protected":false},"author":1,"featured_media":0,"parent":122,"menu_order":0,"comment_status":"closed","ping_status":"open","template":"","meta":{"ngg_post_thumbnail":0,"footnotes":""},"class_list":["post-1210","page","type-page","status-publish","hentry"],"translation":{"provider":"WPGlobus","version":"3.0.2","language":"fr","enabled_languages":["nl","gb","de","fr","it"],"languages":{"nl":{"title":true,"content":true,"excerpt":false},"gb":{"title":true,"content":true,"excerpt":false},"de":{"title":true,"content":true,"excerpt":false},"fr":{"title":true,"content":true,"excerpt":false},"it":{"title":true,"content":true,"excerpt":false}}},"aioseo_notices":[],"featured_image_src":null,"featured_image_src_square":null,"_links":{"self":[{"href":"http:\/\/www.merkelenvannix.nl\/fr\/wp-json\/wp\/v2\/pages\/1210","targetHints":{"allow":["GET"]}}],"collection":[{"href":"http:\/\/www.merkelenvannix.nl\/fr\/wp-json\/wp\/v2\/pages"}],"about":[{"href":"http:\/\/www.merkelenvannix.nl\/fr\/wp-json\/wp\/v2\/types\/page"}],"author":[{"embeddable":true,"href":"http:\/\/www.merkelenvannix.nl\/fr\/wp-json\/wp\/v2\/users\/1"}],"replies":[{"embeddable":true,"href":"http:\/\/www.merkelenvannix.nl\/fr\/wp-json\/wp\/v2\/comments?post=1210"}],"version-history":[{"count":37,"href":"http:\/\/www.merkelenvannix.nl\/fr\/wp-json\/wp\/v2\/pages\/1210\/revisions"}],"predecessor-version":[{"id":3163,"href":"http:\/\/www.merkelenvannix.nl\/fr\/wp-json\/wp\/v2\/pages\/1210\/revisions\/3163"}],"up":[{"embeddable":true,"href":"http:\/\/www.merkelenvannix.nl\/fr\/wp-json\/wp\/v2\/pages\/122"}],"wp:attachment":[{"href":"http:\/\/www.merkelenvannix.nl\/fr\/wp-json\/wp\/v2\/media?parent=1210"}],"curies":[{"name":"wp","href":"https:\/\/api.w.org\/{rel}","templated":true}]}}