{"id":15,"date":"2009-10-27T17:26:29","date_gmt":"2009-10-27T16:26:29","guid":{"rendered":"http:\/\/www.merkelenvannix.nl\/wordpress\/?page_id=15"},"modified":"2019-06-17T23:33:36","modified_gmt":"2019-06-17T21:33:36","slug":"jottnjol","status":"publish","type":"page","link":"http:\/\/www.merkelenvannix.nl\/fr\/acts\/jottnjol","title":{"rendered":"Les J\u00f8ttnj\u00f8l"},"content":{"rendered":"\n<figure class=\"wp-block-image alignwide\"><img loading=\"lazy\" decoding=\"async\" width=\"1200\" height=\"865\" src=\"http:\/\/www.merkelenvannix.nl\/wp-content\/uploads\/2019\/01\/Merkel-en-Vannix-J\u00f8ttnj\u00f8l_voorkant-2019-1200x865.jpg\" alt=\"J\u00f8ttnj\u00f8l\" class=\"wp-image-2479\" srcset=\"http:\/\/www.merkelenvannix.nl\/wp-content\/uploads\/2019\/01\/Merkel-en-Vannix-J\u00f8ttnj\u00f8l_voorkant-2019-1200x865.jpg 1200w, http:\/\/www.merkelenvannix.nl\/wp-content\/uploads\/2019\/01\/Merkel-en-Vannix-J\u00f8ttnj\u00f8l_voorkant-2019-420x303.jpg 420w, http:\/\/www.merkelenvannix.nl\/wp-content\/uploads\/2019\/01\/Merkel-en-Vannix-J\u00f8ttnj\u00f8l_voorkant-2019-744x536.jpg 744w, http:\/\/www.merkelenvannix.nl\/wp-content\/uploads\/2019\/01\/Merkel-en-Vannix-J\u00f8ttnj\u00f8l_voorkant-2019-768x554.jpg 768w, http:\/\/www.merkelenvannix.nl\/wp-content\/uploads\/2019\/01\/Merkel-en-Vannix-J\u00f8ttnj\u00f8l_voorkant-2019.jpg 1819w\" sizes=\"auto, (max-width: 767px) 89vw, (max-width: 1000px) 54vw, (max-width: 1071px) 543px, 580px\" \/><figcaption>J\u00f8ttnj\u00f8l<\/figcaption><\/figure>\n\n\n\n<p>Les J\u00f8ttnj\u00f8l viennent de tr\u00e8s loin. Personne ne sait d\u2019o\u00f9 exactement. Ces deux cr\u00e9atures dot\u00e9es de hottes emplies de leurs aventures ont une curiosit\u00e9 sans bornes. Ils aiment cueillir les senteurs et les couleurs de la vie, et s\u2019interrogent sur tout ce que nous emportons avec nous ou laissons derri\u00e8re nous. Les J\u00f8ttnj\u00f8l adorent prendre soin d\u2019un tas d\u2019objets trouv\u00e9s, ils ont de la place pour chacun\u2026 D\u00e9ambulation de marionnettes \u00e0 taille humaine, les J\u00f8ttnj\u00f8l c\u2019est du th\u00e9\u00e2tre de rue po\u00e9tique, unique et captivant !<\/p>\n\n\n\n<p>J\u00f8ttnj\u00f8l est du th\u00e9\u00e2tre de marionnettes de la rue. Deux cr\u00e9atures extraordinaire avec des gros corbeilles remplies d&#8217;aventures. Ils ne finiront jamais de collectionner. Tout a de la valeur! Th\u00e9\u00e0tre de rue po\u00e9tique. Exceptionnel et touchant.<\/p>\n\n\n\n<figure class=\"wp-block-image\"><img loading=\"lazy\" decoding=\"async\" width=\"1200\" height=\"800\" src=\"http:\/\/www.merkelenvannix.nl\/wp-content\/uploads\/2016\/10\/J\u00f8ttnj\u00f8l-2015--1200x800.jpg\" alt=\"\" class=\"wp-image-2194\" srcset=\"http:\/\/www.merkelenvannix.nl\/wp-content\/uploads\/2016\/10\/J\u00f8ttnj\u00f8l-2015--1200x800.jpg 1200w, http:\/\/www.merkelenvannix.nl\/wp-content\/uploads\/2016\/10\/J\u00f8ttnj\u00f8l-2015--420x280.jpg 420w, http:\/\/www.merkelenvannix.nl\/wp-content\/uploads\/2016\/10\/J\u00f8ttnj\u00f8l-2015--744x496.jpg 744w, http:\/\/www.merkelenvannix.nl\/wp-content\/uploads\/2016\/10\/J\u00f8ttnj\u00f8l-2015--768x512.jpg 768w\" sizes=\"auto, (max-width: 767px) 89vw, (max-width: 1000px) 54vw, (max-width: 1071px) 543px, 580px\" \/><figcaption>Merkel &#038; Vannix &#8211; J\u00f8ttnj\u00f8l Photo: Olaf Pl\u00fcfger<\/figcaption><\/figure>\n\n\n\n<figure class=\"wp-block-image\"><img loading=\"lazy\" decoding=\"async\" width=\"1200\" height=\"797\" src=\"http:\/\/www.merkelenvannix.nl\/wp-content\/uploads\/2019\/02\/Merkel-en-Vannix-Jottnjol-field-HR-1200x797.jpg\" alt=\"Merkel &#038; Vannix - J\u00f8ttnj\u00f8l\" class=\"wp-image-2988\" srcset=\"http:\/\/www.merkelenvannix.nl\/wp-content\/uploads\/2019\/02\/Merkel-en-Vannix-Jottnjol-field-HR-1200x797.jpg 1200w, http:\/\/www.merkelenvannix.nl\/wp-content\/uploads\/2019\/02\/Merkel-en-Vannix-Jottnjol-field-HR-420x279.jpg 420w, http:\/\/www.merkelenvannix.nl\/wp-content\/uploads\/2019\/02\/Merkel-en-Vannix-Jottnjol-field-HR-744x494.jpg 744w, http:\/\/www.merkelenvannix.nl\/wp-content\/uploads\/2019\/02\/Merkel-en-Vannix-Jottnjol-field-HR-768x510.jpg 768w, http:\/\/www.merkelenvannix.nl\/wp-content\/uploads\/2019\/02\/Merkel-en-Vannix-Jottnjol-field-HR-600x400.jpg 600w, http:\/\/www.merkelenvannix.nl\/wp-content\/uploads\/2019\/02\/Merkel-en-Vannix-Jottnjol-field-HR-100x66.jpg 100w, http:\/\/www.merkelenvannix.nl\/wp-content\/uploads\/2019\/02\/Merkel-en-Vannix-Jottnjol-field-HR-151x100.jpg 151w, http:\/\/www.merkelenvannix.nl\/wp-content\/uploads\/2019\/02\/Merkel-en-Vannix-Jottnjol-field-HR-964x640.jpg 964w, http:\/\/www.merkelenvannix.nl\/wp-content\/uploads\/2019\/02\/Merkel-en-Vannix-Jottnjol-field-HR-1156x768.jpg 1156w, http:\/\/www.merkelenvannix.nl\/wp-content\/uploads\/2019\/02\/Merkel-en-Vannix-Jottnjol-field-HR-1024x680.jpg 1024w\" sizes=\"auto, (max-width: 767px) 89vw, (max-width: 1000px) 54vw, (max-width: 1071px) 543px, 580px\" \/><figcaption>Merkel &#038; Vannix &#8211; J\u00f8ttnj\u00f8l \nPhoto: Peter Philips<\/figcaption><\/figure>\n","protected":false},"excerpt":{"rendered":"<p>Les J\u00f8ttnj\u00f8l viennent de tr\u00e8s loin. Personne ne sait d\u2019o\u00f9 exactement. Ces deux cr\u00e9atures dot\u00e9es de hottes emplies de leurs aventures ont une curiosit\u00e9 sans bornes. Ils aiment cueillir les senteurs et les couleurs de la vie, et s\u2019interrogent sur tout ce que nous emportons avec nous ou laissons derri\u00e8re nous. Les J\u00f8ttnj\u00f8l adorent prendre &hellip; <\/p>\n<p class=\"link-more\"><a href=\"http:\/\/www.merkelenvannix.nl\/fr\/acts\/jottnjol\" class=\"more-link\">Continue reading<span class=\"screen-reader-text\"> &#8220;Les J\u00f8ttnj\u00f8l&#8221;<\/span><\/a><\/p>\n","protected":false},"author":1,"featured_media":0,"parent":122,"menu_order":2,"comment_status":"open","ping_status":"open","template":"","meta":{"ngg_post_thumbnail":0,"footnotes":""},"class_list":["post-15","page","type-page","status-publish","hentry"],"translation":{"provider":"WPGlobus","version":"3.0.2","language":"fr","enabled_languages":["nl","gb","de","fr","it"],"languages":{"nl":{"title":true,"content":true,"excerpt":false},"gb":{"title":true,"content":true,"excerpt":false},"de":{"title":true,"content":true,"excerpt":false},"fr":{"title":true,"content":true,"excerpt":false},"it":{"title":true,"content":true,"excerpt":false}}},"aioseo_notices":[],"featured_image_src":null,"featured_image_src_square":null,"_links":{"self":[{"href":"http:\/\/www.merkelenvannix.nl\/fr\/wp-json\/wp\/v2\/pages\/15","targetHints":{"allow":["GET"]}}],"collection":[{"href":"http:\/\/www.merkelenvannix.nl\/fr\/wp-json\/wp\/v2\/pages"}],"about":[{"href":"http:\/\/www.merkelenvannix.nl\/fr\/wp-json\/wp\/v2\/types\/page"}],"author":[{"embeddable":true,"href":"http:\/\/www.merkelenvannix.nl\/fr\/wp-json\/wp\/v2\/users\/1"}],"replies":[{"embeddable":true,"href":"http:\/\/www.merkelenvannix.nl\/fr\/wp-json\/wp\/v2\/comments?post=15"}],"version-history":[{"count":102,"href":"http:\/\/www.merkelenvannix.nl\/fr\/wp-json\/wp\/v2\/pages\/15\/revisions"}],"predecessor-version":[{"id":3103,"href":"http:\/\/www.merkelenvannix.nl\/fr\/wp-json\/wp\/v2\/pages\/15\/revisions\/3103"}],"up":[{"embeddable":true,"href":"http:\/\/www.merkelenvannix.nl\/fr\/wp-json\/wp\/v2\/pages\/122"}],"wp:attachment":[{"href":"http:\/\/www.merkelenvannix.nl\/fr\/wp-json\/wp\/v2\/media?parent=15"}],"curies":[{"name":"wp","href":"https:\/\/api.w.org\/{rel}","templated":true}]}}