{"id":1743,"date":"2014-09-06T23:01:45","date_gmt":"2014-09-06T21:01:45","guid":{"rendered":"http:\/\/www.merkelenvannix.nl\/?page_id=1743"},"modified":"2019-02-09T17:02:53","modified_gmt":"2019-02-09T16:02:53","slug":"de-dodo-o-ologen","status":"publish","type":"page","link":"http:\/\/www.merkelenvannix.nl\/fr\/acts\/de-dodo-o-ologen","title":{"rendered":"Les Dodo-O-ologistes"},"content":{"rendered":"\n<figure class=\"wp-block-image\"><img loading=\"lazy\" decoding=\"async\" width=\"1200\" height=\"865\" src=\"http:\/\/www.merkelenvannix.nl\/wp-content\/uploads\/2019\/01\/Merkel-en-Vannix-Dodo-O-ologen-voorkant-2019-1200x865.jpg\" alt=\"\" class=\"wp-image-2463\" srcset=\"http:\/\/www.merkelenvannix.nl\/wp-content\/uploads\/2019\/01\/Merkel-en-Vannix-Dodo-O-ologen-voorkant-2019-1200x865.jpg 1200w, http:\/\/www.merkelenvannix.nl\/wp-content\/uploads\/2019\/01\/Merkel-en-Vannix-Dodo-O-ologen-voorkant-2019-420x303.jpg 420w, http:\/\/www.merkelenvannix.nl\/wp-content\/uploads\/2019\/01\/Merkel-en-Vannix-Dodo-O-ologen-voorkant-2019-744x536.jpg 744w, http:\/\/www.merkelenvannix.nl\/wp-content\/uploads\/2019\/01\/Merkel-en-Vannix-Dodo-O-ologen-voorkant-2019-768x554.jpg 768w, http:\/\/www.merkelenvannix.nl\/wp-content\/uploads\/2019\/01\/Merkel-en-Vannix-Dodo-O-ologen-voorkant-2019.jpg 1819w\" sizes=\"auto, (max-width: 767px) 89vw, (max-width: 1000px) 54vw, (max-width: 1071px) 543px, 580px\" \/><\/figure>\n\n\n\n<p>La science n\u2019a pas des limites, un professeur mondain et son assistant comp\u00e9tent nous apportent les r\u00e9sultats de leurs recherches pionni\u00e8res: le dernier Dodo vivant.<\/p>\n","protected":false},"excerpt":{"rendered":"<p>La science n\u2019a pas des limites, un professeur mondain et son assistant comp\u00e9tent nous apportent les r\u00e9sultats de leurs recherches pionni\u00e8res: le dernier Dodo vivant.<\/p>\n","protected":false},"author":1,"featured_media":0,"parent":122,"menu_order":3,"comment_status":"closed","ping_status":"open","template":"","meta":{"ngg_post_thumbnail":0,"footnotes":""},"class_list":["post-1743","page","type-page","status-publish","hentry"],"translation":{"provider":"WPGlobus","version":"3.0.2","language":"fr","enabled_languages":["nl","gb","de","fr","it"],"languages":{"nl":{"title":true,"content":true,"excerpt":false},"gb":{"title":true,"content":true,"excerpt":false},"de":{"title":true,"content":true,"excerpt":false},"fr":{"title":true,"content":true,"excerpt":false},"it":{"title":false,"content":false,"excerpt":false}}},"aioseo_notices":[],"featured_image_src":null,"featured_image_src_square":null,"_links":{"self":[{"href":"http:\/\/www.merkelenvannix.nl\/fr\/wp-json\/wp\/v2\/pages\/1743","targetHints":{"allow":["GET"]}}],"collection":[{"href":"http:\/\/www.merkelenvannix.nl\/fr\/wp-json\/wp\/v2\/pages"}],"about":[{"href":"http:\/\/www.merkelenvannix.nl\/fr\/wp-json\/wp\/v2\/types\/page"}],"author":[{"embeddable":true,"href":"http:\/\/www.merkelenvannix.nl\/fr\/wp-json\/wp\/v2\/users\/1"}],"replies":[{"embeddable":true,"href":"http:\/\/www.merkelenvannix.nl\/fr\/wp-json\/wp\/v2\/comments?post=1743"}],"version-history":[{"count":29,"href":"http:\/\/www.merkelenvannix.nl\/fr\/wp-json\/wp\/v2\/pages\/1743\/revisions"}],"predecessor-version":[{"id":3064,"href":"http:\/\/www.merkelenvannix.nl\/fr\/wp-json\/wp\/v2\/pages\/1743\/revisions\/3064"}],"up":[{"embeddable":true,"href":"http:\/\/www.merkelenvannix.nl\/fr\/wp-json\/wp\/v2\/pages\/122"}],"wp:attachment":[{"href":"http:\/\/www.merkelenvannix.nl\/fr\/wp-json\/wp\/v2\/media?parent=1743"}],"curies":[{"name":"wp","href":"https:\/\/api.w.org\/{rel}","templated":true}]}}