{"id":1944,"date":"2015-12-02T12:14:23","date_gmt":"2015-12-02T11:14:23","guid":{"rendered":"http:\/\/www.merkelenvannix.nl\/?page_id=1944"},"modified":"2024-12-10T14:58:30","modified_gmt":"2024-12-10T13:58:30","slug":"pet-a-porter","status":"publish","type":"page","link":"http:\/\/www.merkelenvannix.nl\/fr\/acts\/pet-a-porter","title":{"rendered":"P\u00eat-\u00e0-Porter"},"content":{"rendered":"\n<figure class=\"wp-block-image\"><img loading=\"lazy\" decoding=\"async\" width=\"724\" height=\"960\" src=\"http:\/\/www.merkelenvannix.nl\/wp-content\/uploads\/2015\/12\/PaP-Leaves.jpg\" alt=\"\" class=\"wp-image-1951\" srcset=\"http:\/\/www.merkelenvannix.nl\/wp-content\/uploads\/2015\/12\/PaP-Leaves.jpg 724w, http:\/\/www.merkelenvannix.nl\/wp-content\/uploads\/2015\/12\/PaP-Leaves-226x300.jpg 226w, http:\/\/www.merkelenvannix.nl\/wp-content\/uploads\/2015\/12\/PaP-Leaves-600x796.jpg 600w\" sizes=\"auto, (max-width: 724px) 100vw, 724px\" \/><\/figure>\n\n\n\n<p>Max, le singe cornu, se sent bien dans n&#8217;importe quel environnement. Il est facile \u00e0 g\u00e9rer, se nettoie bien et est facile \u00e0 repasser (infroissable). C&#8217;est l&#8217;animal de compagnie id\u00e9al. Cet animal unique voyage de zoo en zoo avec son loyal porteur \u00abPorter\u00bb mais trouvera-t-il un endroit qui voudra le garder ?<br \/>Un spectacle mobile de marionnette de rue avec un performeur et un marionnet(tiste).<\/p>\n\n\n\n<p>Marionnettiste: Tim Velraeds<br \/>Porter: Gijs Vennix<\/p>\n\n\n\n<p>Merci \u00e0 Stefanie Czapla (marionnette), Ari Hoekstra et Alice (valises et caddie), Dennis Van de Klundert (photos) papa et Mick (soudage)<\/p>\n","protected":false},"excerpt":{"rendered":"<p>Max, le singe cornu, se sent bien dans n&#8217;importe quel environnement. Il est facile \u00e0 g\u00e9rer, se nettoie bien et est facile \u00e0 repasser (infroissable). C&#8217;est l&#8217;animal de compagnie id\u00e9al. Cet animal unique voyage de zoo en zoo avec son loyal porteur \u00abPorter\u00bb mais trouvera-t-il un endroit qui voudra le garder ?Un spectacle mobile de &hellip; <\/p>\n<p class=\"link-more\"><a href=\"http:\/\/www.merkelenvannix.nl\/fr\/acts\/pet-a-porter\" class=\"more-link\">Continue reading<span class=\"screen-reader-text\"> &#8220;P\u00eat-\u00e0-Porter&#8221;<\/span><\/a><\/p>\n","protected":false},"author":1,"featured_media":0,"parent":122,"menu_order":4,"comment_status":"closed","ping_status":"closed","template":"","meta":{"ngg_post_thumbnail":0,"footnotes":""},"class_list":["post-1944","page","type-page","status-publish","hentry"],"translation":{"provider":"WPGlobus","version":"3.0.2","language":"fr","enabled_languages":["nl","gb","de","fr","it"],"languages":{"nl":{"title":true,"content":true,"excerpt":false},"gb":{"title":true,"content":true,"excerpt":false},"de":{"title":true,"content":true,"excerpt":false},"fr":{"title":true,"content":true,"excerpt":false},"it":{"title":true,"content":true,"excerpt":false}}},"aioseo_notices":[],"featured_image_src":null,"featured_image_src_square":null,"_links":{"self":[{"href":"http:\/\/www.merkelenvannix.nl\/fr\/wp-json\/wp\/v2\/pages\/1944","targetHints":{"allow":["GET"]}}],"collection":[{"href":"http:\/\/www.merkelenvannix.nl\/fr\/wp-json\/wp\/v2\/pages"}],"about":[{"href":"http:\/\/www.merkelenvannix.nl\/fr\/wp-json\/wp\/v2\/types\/page"}],"author":[{"embeddable":true,"href":"http:\/\/www.merkelenvannix.nl\/fr\/wp-json\/wp\/v2\/users\/1"}],"replies":[{"embeddable":true,"href":"http:\/\/www.merkelenvannix.nl\/fr\/wp-json\/wp\/v2\/comments?post=1944"}],"version-history":[{"count":61,"href":"http:\/\/www.merkelenvannix.nl\/fr\/wp-json\/wp\/v2\/pages\/1944\/revisions"}],"predecessor-version":[{"id":3219,"href":"http:\/\/www.merkelenvannix.nl\/fr\/wp-json\/wp\/v2\/pages\/1944\/revisions\/3219"}],"up":[{"embeddable":true,"href":"http:\/\/www.merkelenvannix.nl\/fr\/wp-json\/wp\/v2\/pages\/122"}],"wp:attachment":[{"href":"http:\/\/www.merkelenvannix.nl\/fr\/wp-json\/wp\/v2\/media?parent=1944"}],"curies":[{"name":"wp","href":"https:\/\/api.w.org\/{rel}","templated":true}]}}