{"id":2287,"date":"2018-02-03T16:42:29","date_gmt":"2018-02-03T15:42:29","guid":{"rendered":"http:\/\/www.merkelenvannix.nl\/?page_id=2287"},"modified":"2024-08-27T23:44:37","modified_gmt":"2024-08-27T21:44:37","slug":"dragon","status":"publish","type":"page","link":"http:\/\/www.merkelenvannix.nl\/fr\/acts\/dragon","title":{"rendered":"Dragon!"},"content":{"rendered":"\n<div class=\"wp-block-image\"><figure class=\"alignleft is-resized\"><img loading=\"lazy\" decoding=\"async\" src=\"http:\/\/www.merkelenvannix.nl\/wp-content\/uploads\/2018\/12\/Merkel-en-Vannix-Dragon-voorkant-1-nieuw.jpg\" alt=\"Dragon\" class=\"wp-image-2371\" width=\"538\" height=\"750\" srcset=\"http:\/\/www.merkelenvannix.nl\/wp-content\/uploads\/2018\/12\/Merkel-en-Vannix-Dragon-voorkant-1-nieuw.jpg 717w, http:\/\/www.merkelenvannix.nl\/wp-content\/uploads\/2018\/12\/Merkel-en-Vannix-Dragon-voorkant-1-nieuw-420x586.jpg 420w\" sizes=\"auto, (max-width: 538px) 100vw, 538px\" \/><figcaption>Dragon<\/figcaption><\/figure><\/div>\n\n\n\n<p class=\"has-drop-cap\">Approchez et venez \u00e0 la rencontre d\u2019un professeur auto-proclam\u00e9 en zoocryptologie et en morphologie cryptographique et de son assistant qualifi\u00e9. Ils ont en leur possession un vrai dragon d\u2019une esp\u00e8ce qui avait disparu. En apprivoisant cette b\u00eate, ils la laissent vivre de nouveau et lui ont m\u00eame appris \u00e0 cracher du feu !<\/p>\n","protected":false},"excerpt":{"rendered":"<p>Approchez et venez \u00e0 la rencontre d\u2019un professeur auto-proclam\u00e9 en zoocryptologie et en morphologie cryptographique et de son assistant qualifi\u00e9. Ils ont en leur possession un vrai dragon d\u2019une esp\u00e8ce qui avait disparu. En apprivoisant cette b\u00eate, ils la laissent vivre de nouveau et lui ont m\u00eame appris \u00e0 cracher du feu !<\/p>\n","protected":false},"author":1,"featured_media":0,"parent":122,"menu_order":0,"comment_status":"closed","ping_status":"closed","template":"","meta":{"ngg_post_thumbnail":0,"footnotes":""},"class_list":["post-2287","page","type-page","status-publish","hentry"],"translation":{"provider":"WPGlobus","version":"3.0.2","language":"fr","enabled_languages":["nl","gb","de","fr","it"],"languages":{"nl":{"title":true,"content":true,"excerpt":false},"gb":{"title":true,"content":true,"excerpt":false},"de":{"title":true,"content":true,"excerpt":false},"fr":{"title":true,"content":true,"excerpt":false},"it":{"title":true,"content":true,"excerpt":false}}},"aioseo_notices":[],"featured_image_src":null,"featured_image_src_square":null,"_links":{"self":[{"href":"http:\/\/www.merkelenvannix.nl\/fr\/wp-json\/wp\/v2\/pages\/2287","targetHints":{"allow":["GET"]}}],"collection":[{"href":"http:\/\/www.merkelenvannix.nl\/fr\/wp-json\/wp\/v2\/pages"}],"about":[{"href":"http:\/\/www.merkelenvannix.nl\/fr\/wp-json\/wp\/v2\/types\/page"}],"author":[{"embeddable":true,"href":"http:\/\/www.merkelenvannix.nl\/fr\/wp-json\/wp\/v2\/users\/1"}],"replies":[{"embeddable":true,"href":"http:\/\/www.merkelenvannix.nl\/fr\/wp-json\/wp\/v2\/comments?post=2287"}],"version-history":[{"count":65,"href":"http:\/\/www.merkelenvannix.nl\/fr\/wp-json\/wp\/v2\/pages\/2287\/revisions"}],"predecessor-version":[{"id":3211,"href":"http:\/\/www.merkelenvannix.nl\/fr\/wp-json\/wp\/v2\/pages\/2287\/revisions\/3211"}],"up":[{"embeddable":true,"href":"http:\/\/www.merkelenvannix.nl\/fr\/wp-json\/wp\/v2\/pages\/122"}],"wp:attachment":[{"href":"http:\/\/www.merkelenvannix.nl\/fr\/wp-json\/wp\/v2\/media?parent=2287"}],"curies":[{"name":"wp","href":"https:\/\/api.w.org\/{rel}","templated":true}]}}