{"id":15,"date":"2009-10-27T17:26:29","date_gmt":"2009-10-27T16:26:29","guid":{"rendered":"http:\/\/www.merkelenvannix.nl\/wordpress\/?page_id=15"},"modified":"2019-06-17T23:33:36","modified_gmt":"2019-06-17T21:33:36","slug":"jottnjol","status":"publish","type":"page","link":"http:\/\/www.merkelenvannix.nl\/gb\/acts\/jottnjol","title":{"rendered":"J\u00f8ttnj\u00f8l"},"content":{"rendered":"\n<figure class=\"wp-block-image alignwide\"><img loading=\"lazy\" decoding=\"async\" width=\"1200\" height=\"865\" src=\"http:\/\/www.merkelenvannix.nl\/wp-content\/uploads\/2019\/01\/Merkel-en-Vannix-J\u00f8ttnj\u00f8l_voorkant-2019-1200x865.jpg\" alt=\"\" class=\"wp-image-2479\" srcset=\"http:\/\/www.merkelenvannix.nl\/wp-content\/uploads\/2019\/01\/Merkel-en-Vannix-J\u00f8ttnj\u00f8l_voorkant-2019-1200x865.jpg 1200w, http:\/\/www.merkelenvannix.nl\/wp-content\/uploads\/2019\/01\/Merkel-en-Vannix-J\u00f8ttnj\u00f8l_voorkant-2019-420x303.jpg 420w, http:\/\/www.merkelenvannix.nl\/wp-content\/uploads\/2019\/01\/Merkel-en-Vannix-J\u00f8ttnj\u00f8l_voorkant-2019-744x536.jpg 744w, http:\/\/www.merkelenvannix.nl\/wp-content\/uploads\/2019\/01\/Merkel-en-Vannix-J\u00f8ttnj\u00f8l_voorkant-2019-768x554.jpg 768w, http:\/\/www.merkelenvannix.nl\/wp-content\/uploads\/2019\/01\/Merkel-en-Vannix-J\u00f8ttnj\u00f8l_voorkant-2019.jpg 1819w\" sizes=\"auto, (max-width: 767px) 89vw, (max-width: 1000px) 54vw, (max-width: 1071px) 543px, 580px\" \/><\/figure>\n\n\n\n<p><\/p><p>J\u00f8ttnj\u00f8l come from afar. Where they come from, or where they are heading no-one knows.<br \/>But they are here now.<\/p>\n<p>J\u00f8ttnj\u00f8l come from afar. Where they come from,<br \/>or where they are heading no-one knows.<br \/>But they are here now.<\/p>\n<p>Their curiosity is boundless, they gather the odours and colours of life and wonder about everything you carry with you or leave behind.<br \/>Who still cherishes treasures found at the beach, long long ago? Who still has them? That very first marble, or maybe the last one? A paperclip, a dried flower, a lucky stone.<br \/>Ordinary yet extraordinary things<br \/>Personal treasures, that don\u2019t fit in the life of a grownup.<\/p>\n\n\n\n<figure class=\"wp-block-image alignwide\"><img loading=\"lazy\" decoding=\"async\" width=\"420\" height=\"314\" src=\"http:\/\/www.merkelenvannix.nl\/wp-content\/uploads\/2018\/04\/B954907A-CEB3-40ED-BBBA-2622E2B386EB-420x314.jpeg\" alt=\"\" class=\"wp-image-2334\" srcset=\"http:\/\/www.merkelenvannix.nl\/wp-content\/uploads\/2018\/04\/B954907A-CEB3-40ED-BBBA-2622E2B386EB-420x314.jpeg 420w, http:\/\/www.merkelenvannix.nl\/wp-content\/uploads\/2018\/04\/B954907A-CEB3-40ED-BBBA-2622E2B386EB-744x557.jpeg 744w, http:\/\/www.merkelenvannix.nl\/wp-content\/uploads\/2018\/04\/B954907A-CEB3-40ED-BBBA-2622E2B386EB-768x575.jpeg 768w, http:\/\/www.merkelenvannix.nl\/wp-content\/uploads\/2018\/04\/B954907A-CEB3-40ED-BBBA-2622E2B386EB-1200x899.jpeg 1200w, http:\/\/www.merkelenvannix.nl\/wp-content\/uploads\/2018\/04\/B954907A-CEB3-40ED-BBBA-2622E2B386EB.jpeg 1600w\" sizes=\"auto, (max-width: 420px) 100vw, 420px\" \/><\/figure>\n\n\n\n<p><\/p><p>J\u00f8ttnj\u00f8l love to take care of your and their treasures, they have enough room to care for all of them.<br \/>They roam the streets and alleyways looking for more treasures, searching for the ultimate sensation of warmth and safety,&nbsp;J\u00f8ttnj\u00f8l, a special encounter, will find a place in everyone\u2019s heart.<\/p>\n\n<p>J\u00f8ttnj\u00f8l is a puppetry walkabout act. Two distinct creatures on their way, with enormous baskets filled with gathered adventures.<br \/>They\u2019ve never finished collecting: after all, everything is of value.<br \/>Street theatre with a poetic disposition. Unique and endearing.<\/p>\n\n\n\n<figure class=\"wp-block-image alignwide\"><img loading=\"lazy\" decoding=\"async\" width=\"420\" height=\"280\" src=\"http:\/\/www.merkelenvannix.nl\/wp-content\/uploads\/2016\/10\/J\u00f8ttnj\u00f8l-2015--420x280.jpg\" alt=\"\" class=\"wp-image-2194\" srcset=\"http:\/\/www.merkelenvannix.nl\/wp-content\/uploads\/2016\/10\/J\u00f8ttnj\u00f8l-2015--420x280.jpg 420w, http:\/\/www.merkelenvannix.nl\/wp-content\/uploads\/2016\/10\/J\u00f8ttnj\u00f8l-2015--744x496.jpg 744w, http:\/\/www.merkelenvannix.nl\/wp-content\/uploads\/2016\/10\/J\u00f8ttnj\u00f8l-2015--768x512.jpg 768w, http:\/\/www.merkelenvannix.nl\/wp-content\/uploads\/2016\/10\/J\u00f8ttnj\u00f8l-2015--1200x800.jpg 1200w\" sizes=\"auto, (max-width: 420px) 100vw, 420px\" \/><\/figure>\n\n\n\n<p><\/p><p>Exclusive at Totaal Theater <a href=\"http:\/\/www.totaaltheater.com\/nl\/special-acts\/kerstmis\/\" target=\"_blank\" rel=\"noreferrer noopener\">here<\/a>.<\/p>\n<p>Soundscape: Ton Derksen<\/p>\n","protected":false},"excerpt":{"rendered":"<p>J\u00f8ttnj\u00f8l come from afar. Where they come from, or where they are heading no-one knows.But they are here now. J\u00f8ttnj\u00f8l come from afar. Where they come from,or where they are heading no-one knows.But they are here now. Their curiosity is boundless, they gather the odours and colours of life and wonder about everything you carry &hellip; <\/p>\n<p class=\"link-more\"><a href=\"http:\/\/www.merkelenvannix.nl\/gb\/acts\/jottnjol\" class=\"more-link\">Continue reading<span class=\"screen-reader-text\"> &#8220;J\u00f8ttnj\u00f8l&#8221;<\/span><\/a><\/p>\n","protected":false},"author":1,"featured_media":0,"parent":122,"menu_order":2,"comment_status":"open","ping_status":"open","template":"","meta":{"ngg_post_thumbnail":0,"footnotes":""},"class_list":["post-15","page","type-page","status-publish","hentry"],"translation":{"provider":"WPGlobus","version":"3.0.2","language":"gb","enabled_languages":["nl","gb","de","fr","it"],"languages":{"nl":{"title":true,"content":true,"excerpt":false},"gb":{"title":true,"content":true,"excerpt":false},"de":{"title":true,"content":true,"excerpt":false},"fr":{"title":true,"content":true,"excerpt":false},"it":{"title":true,"content":true,"excerpt":false}}},"aioseo_notices":[],"featured_image_src":null,"featured_image_src_square":null,"_links":{"self":[{"href":"http:\/\/www.merkelenvannix.nl\/gb\/wp-json\/wp\/v2\/pages\/15","targetHints":{"allow":["GET"]}}],"collection":[{"href":"http:\/\/www.merkelenvannix.nl\/gb\/wp-json\/wp\/v2\/pages"}],"about":[{"href":"http:\/\/www.merkelenvannix.nl\/gb\/wp-json\/wp\/v2\/types\/page"}],"author":[{"embeddable":true,"href":"http:\/\/www.merkelenvannix.nl\/gb\/wp-json\/wp\/v2\/users\/1"}],"replies":[{"embeddable":true,"href":"http:\/\/www.merkelenvannix.nl\/gb\/wp-json\/wp\/v2\/comments?post=15"}],"version-history":[{"count":102,"href":"http:\/\/www.merkelenvannix.nl\/gb\/wp-json\/wp\/v2\/pages\/15\/revisions"}],"predecessor-version":[{"id":3103,"href":"http:\/\/www.merkelenvannix.nl\/gb\/wp-json\/wp\/v2\/pages\/15\/revisions\/3103"}],"up":[{"embeddable":true,"href":"http:\/\/www.merkelenvannix.nl\/gb\/wp-json\/wp\/v2\/pages\/122"}],"wp:attachment":[{"href":"http:\/\/www.merkelenvannix.nl\/gb\/wp-json\/wp\/v2\/media?parent=15"}],"curies":[{"name":"wp","href":"https:\/\/api.w.org\/{rel}","templated":true}]}}