{"id":2,"date":"2009-06-11T10:58:50","date_gmt":"2009-06-11T14:58:50","guid":{"rendered":"http:\/\/www.merkelenvannix.nl\/wordpress\/?page_id=2"},"modified":"2019-01-16T14:13:26","modified_gmt":"2019-01-16T13:13:26","slug":"about","status":"publish","type":"page","link":"http:\/\/www.merkelenvannix.nl\/gb\/about","title":{"rendered":"Merkel &#038; Vannix"},"content":{"rendered":"\n<p>Merkel &amp; Vannix is een straattheatergezelschap dat zich kenmerkt door de nadruk op het beeldende aspect van straattheater. Hun vormgeving is net als hun spel een uitvergroting van het alledaagse, waardoor de kijker als het ware uitgenodigd wordt zijn eigen alledaagse bezigheden met andere ogen te bekijken. Hun beeldtaal beroept zich op de technieken van de commedia dell&#8217;arte en het figurentheater.<\/p>\n\n\n\n<p>Bij J\u00f8ttnj\u00f8l verdwijnen de spelers volledig in hun act en is de communicatie met het publiek alleen nog mogelijk via de wereld van de pop.<\/p>\n\n\n\n<div class=\"wp-block-image\"><figure class=\"alignleft\"><img loading=\"lazy\" decoding=\"async\" width=\"300\" height=\"225\" src=\"http:\/\/www.merkelenvannix.nl\/wp-content\/uploads\/2009\/11\/P1000089-300x225.jpg\" alt=\"Het schilderen van de J\u00f8ttnj\u00f8lkoppen\" class=\"wp-image-301\" srcset=\"http:\/\/www.merkelenvannix.nl\/wp-content\/uploads\/2009\/11\/P1000089-300x225.jpg 300w, http:\/\/www.merkelenvannix.nl\/wp-content\/uploads\/2009\/11\/P1000089-1024x768.jpg 1024w\" sizes=\"auto, (max-width: 300px) 100vw, 300px\" \/><\/figure><\/div>\n\n\n\n<p><strong>Merkel &amp; Vannix <br \/><\/strong><\/p>\n\n\n\n<p>J\u00f8ttnj\u00f8l is de eerste onafhankelijke samenwerking onder de noemer van Merkel &amp; Vannix van Gijs Vennix en Tim Velraeds.<\/p>\n\n\n\n<p>Inmiddels in 2019 zijn Jottnj\u00f8l 10 jaar onderweg en zijn ze in vele landen van Europa geweest en op bijzondere plekken in de wijdere wereld geweest.<\/p>\n\n\n\n<p>J\u00f8ttnj\u00f8l wonnen zelfs een prijs in Haifa te Isra\u00ebl: Best Open Air Performance op het internationale kindertheaterfestival in 2018.<\/p>\n\n\n\n<p>Hiervoor waren zij al menigmaal samen verantwoordelijk voor tal van straattheateracts, waaronder de winnaar van het straattheaterconcours 2006 te Alkmaar DonQzot, de Eftelingproductie Vreemde Vogels 2006 en de populaire walkact Sahara\u2019hara van Tiramisu.<\/p>\n","protected":false},"excerpt":{"rendered":"<p>Merkel &amp; Vannix is een straattheatergezelschap dat zich kenmerkt door de nadruk op het beeldende aspect van straattheater. Hun vormgeving is net als hun spel een uitvergroting van het alledaagse, waardoor de kijker als het ware uitgenodigd wordt zijn eigen alledaagse bezigheden met andere ogen te bekijken. Hun beeldtaal beroept zich op de technieken van &hellip; <\/p>\n<p class=\"link-more\"><a href=\"http:\/\/www.merkelenvannix.nl\/gb\/about\" class=\"more-link\">Continue reading<span class=\"screen-reader-text\"> &#8220;Merkel &#038; Vannix&#8221;<\/span><\/a><\/p>\n","protected":false},"author":1,"featured_media":0,"parent":0,"menu_order":2,"comment_status":"open","ping_status":"open","template":"","meta":{"ngg_post_thumbnail":0,"footnotes":""},"class_list":["post-2","page","type-page","status-publish","hentry"],"translation":{"provider":"WPGlobus","version":"3.0.2","language":"gb","enabled_languages":["nl","gb","de","fr","it"],"languages":{"nl":{"title":true,"content":true,"excerpt":false},"gb":{"title":true,"content":true,"excerpt":false},"de":{"title":false,"content":true,"excerpt":false},"fr":{"title":false,"content":false,"excerpt":false},"it":{"title":false,"content":false,"excerpt":false}}},"aioseo_notices":[],"featured_image_src":null,"featured_image_src_square":null,"_links":{"self":[{"href":"http:\/\/www.merkelenvannix.nl\/gb\/wp-json\/wp\/v2\/pages\/2","targetHints":{"allow":["GET"]}}],"collection":[{"href":"http:\/\/www.merkelenvannix.nl\/gb\/wp-json\/wp\/v2\/pages"}],"about":[{"href":"http:\/\/www.merkelenvannix.nl\/gb\/wp-json\/wp\/v2\/types\/page"}],"author":[{"embeddable":true,"href":"http:\/\/www.merkelenvannix.nl\/gb\/wp-json\/wp\/v2\/users\/1"}],"replies":[{"embeddable":true,"href":"http:\/\/www.merkelenvannix.nl\/gb\/wp-json\/wp\/v2\/comments?post=2"}],"version-history":[{"count":27,"href":"http:\/\/www.merkelenvannix.nl\/gb\/wp-json\/wp\/v2\/pages\/2\/revisions"}],"predecessor-version":[{"id":2717,"href":"http:\/\/www.merkelenvannix.nl\/gb\/wp-json\/wp\/v2\/pages\/2\/revisions\/2717"}],"wp:attachment":[{"href":"http:\/\/www.merkelenvannix.nl\/gb\/wp-json\/wp\/v2\/media?parent=2"}],"curies":[{"name":"wp","href":"https:\/\/api.w.org\/{rel}","templated":true}]}}