{"id":482,"date":"2009-11-18T20:21:13","date_gmt":"2009-11-18T19:21:13","guid":{"rendered":"http:\/\/www.merkelenvannix.nl\/?page_id=482"},"modified":"2016-04-14T16:10:13","modified_gmt":"2016-04-14T14:10:13","slug":"press-winter-jottnjol","status":"publish","type":"page","link":"http:\/\/www.merkelenvannix.nl\/gb\/gallery\/press\/press-winter-jottnjol","title":{"rendered":"Press &#8211; Winter J\u00f8ttnj\u00f8l"},"content":{"rendered":"<h3 style=\"text-align: left;\">foto\u2019s en promotekst<\/h3>\n<p style=\"text-align: left;\">Klik op de foto om een versie in een hoge resolutie te downloaden.<br \/>\nClick on the Picture to download a version in High Resolution<br \/>\n(right click \u201cSave link as\u201d)<\/p>\n<p style=\"text-align: left;\">\n<figure style=\"width: 300px\" class=\"wp-caption alignnone\"><a href=\"http:\/\/www.merkelenvannix.nl\/wp-content\/uploads\/2009\/11\/JJKerst-Jol-groot4.jpg\" target=\"_blank\" rel=\"http:\/\/www.merkelenvannix.nl\/wp-content\/uploads\/2009\/11\/JJKerst-Jol-groot4.jpg\"><img loading=\"lazy\" decoding=\"async\" class=\" \" title=\"JJKerst-Jol-groot4\" src=\"http:\/\/www.merkelenvannix.nl\/wp-content\/uploads\/2009\/11\/JJKerst-Jol-groot4-300x205.jpg\" alt=\"JJKerst-Jol-groot4\" width=\"300\" height=\"205\" \/><\/a><figcaption class=\"wp-caption-text\">Winter J\u00f8ttnj\u00f8l (12,5 MB)<\/figcaption><\/figure>\n<figure style=\"width: 225px\" class=\"wp-caption alignnone\"><a href=\"http:\/\/www.merkelenvannix.nl\/wp-content\/uploads\/2009\/11\/JJKerst-Jott-groot.jpg\" target=\"_blank\" rel=\"http:\/\/www.merkelenvannix.nl\/wp-content\/uploads\/2009\/11\/JJKerst-Jott-groot1.jpg\"><img loading=\"lazy\" decoding=\"async\" class=\" \" title=\"JJKerst-Jott-groot1\" src=\"http:\/\/www.merkelenvannix.nl\/wp-content\/uploads\/2009\/11\/JJKerst-Jott-groot1-225x300.jpg\" alt=\"JJKerst-Jott-groot1\" width=\"225\" height=\"300\" \/><\/a><figcaption class=\"wp-caption-text\">Winter J\u00f8ttnj\u00f8l &#8211; J\u00f8tt met bel<\/figcaption><\/figure>\n<figure id=\"attachment_452\" aria-describedby=\"caption-attachment-452\" style=\"width: 225px\" class=\"wp-caption alignnone\"><a href=\"http:\/\/www.merkelenvannix.nl\/wp-content\/uploads\/2009\/11\/JJKerst-Jol-groot1.jpg\" target=\"_blank\" rel=\"http:\/\/www.merkelenvannix.nl\/wp-content\/uploads\/2009\/11\/JJKerst-Jol-groot1.jpg\"><img loading=\"lazy\" decoding=\"async\" class=\"size-medium wp-image-452 \" title=\"JJKerst-Jol-groot1\" src=\"http:\/\/www.merkelenvannix.nl\/wp-content\/uploads\/2009\/11\/JJKerst-Jol-groot1-225x300.jpg\" alt=\"JJKerst-Jol-groot1\" width=\"225\" height=\"300\" srcset=\"http:\/\/www.merkelenvannix.nl\/wp-content\/uploads\/2009\/11\/JJKerst-Jol-groot1-225x300.jpg 225w, http:\/\/www.merkelenvannix.nl\/wp-content\/uploads\/2009\/11\/JJKerst-Jol-groot1-768x1024.jpg 768w\" sizes=\"auto, (max-width: 225px) 100vw, 225px\" \/><\/a><figcaption id=\"caption-attachment-452\" class=\"wp-caption-text\">Winter J\u00f8ttnj\u00f8l &#8211; J\u00f8l<\/figcaption><\/figure>\n<figure id=\"attachment_463\" aria-describedby=\"caption-attachment-463\" style=\"width: 225px\" class=\"wp-caption alignnone\"><a href=\"http:\/\/www.merkelenvannix.nl\/wp-content\/uploads\/2009\/11\/JJKerst-Jott-groot2.jpg\" target=\"_blank\" rel=\"http:\/\/www.merkelenvannix.nl\/wp-content\/uploads\/2009\/11\/JJKerst-Jott-groot2.jpg\"><img loading=\"lazy\" decoding=\"async\" class=\"size-medium wp-image-463 \" title=\"JJKerst-Jott-groot2\" src=\"http:\/\/www.merkelenvannix.nl\/wp-content\/uploads\/2009\/11\/JJKerst-Jott-groot2-225x300.jpg\" alt=\"JJKerst-Jott-groot2\" width=\"225\" height=\"300\" srcset=\"http:\/\/www.merkelenvannix.nl\/wp-content\/uploads\/2009\/11\/JJKerst-Jott-groot2-225x300.jpg 225w, http:\/\/www.merkelenvannix.nl\/wp-content\/uploads\/2009\/11\/JJKerst-Jott-groot2-768x1024.jpg 768w\" sizes=\"auto, (max-width: 225px) 100vw, 225px\" \/><\/a><figcaption id=\"caption-attachment-463\" class=\"wp-caption-text\">Winter J\u00f8ttnj\u00f8l &#8211; J\u00f8tt met bel 2<\/figcaption><\/figure>\n<figure id=\"attachment_459\" aria-describedby=\"caption-attachment-459\" style=\"width: 300px\" class=\"wp-caption alignnone\"><a href=\"http:\/\/www.merkelenvannix.nl\/wp-content\/uploads\/2009\/11\/JJKerst-Jol-groot2.jpg\" target=\"_blank\" rel=\"http:\/\/www.merkelenvannix.nl\/wp-content\/uploads\/2009\/11\/JJKerst-Jol-groot2.jpg\"><img loading=\"lazy\" decoding=\"async\" class=\"size-medium wp-image-459 \" title=\"JJKerst-Jol-groot2\" src=\"http:\/\/www.merkelenvannix.nl\/wp-content\/uploads\/2009\/11\/JJKerst-Jol-groot2-300x225.jpg\" alt=\"JJKerst-Jol-groot2\" width=\"300\" height=\"225\" srcset=\"http:\/\/www.merkelenvannix.nl\/wp-content\/uploads\/2009\/11\/JJKerst-Jol-groot2-300x225.jpg 300w, http:\/\/www.merkelenvannix.nl\/wp-content\/uploads\/2009\/11\/JJKerst-Jol-groot2-1024x768.jpg 1024w\" sizes=\"auto, (max-width: 300px) 100vw, 300px\" \/><\/a><figcaption id=\"caption-attachment-459\" class=\"wp-caption-text\">Winter J\u00f8ttnj\u00f8l &#8211; J\u00f8l 2<\/figcaption><\/figure>\n<figure id=\"attachment_464\" aria-describedby=\"caption-attachment-464\" style=\"width: 225px\" class=\"wp-caption alignnone\"><a href=\"http:\/\/www.merkelenvannix.nl\/wp-content\/uploads\/2009\/11\/JJKerst-Jott-groot3.jpg\" target=\"_blank\" rel=\"http:\/\/www.merkelenvannix.nl\/wp-content\/uploads\/2009\/11\/JJKerst-Jott-groot3.jpg\"><img loading=\"lazy\" decoding=\"async\" class=\"size-medium wp-image-464 \" title=\"JJKerst-Jott-groot3\" src=\"http:\/\/www.merkelenvannix.nl\/wp-content\/uploads\/2009\/11\/JJKerst-Jott-groot3-225x300.jpg\" alt=\"JJKerst-Jott-groot3\" width=\"225\" height=\"300\" srcset=\"http:\/\/www.merkelenvannix.nl\/wp-content\/uploads\/2009\/11\/JJKerst-Jott-groot3-225x300.jpg 225w, http:\/\/www.merkelenvannix.nl\/wp-content\/uploads\/2009\/11\/JJKerst-Jott-groot3-768x1024.jpg 768w\" sizes=\"auto, (max-width: 225px) 100vw, 225px\" \/><\/a><figcaption id=\"caption-attachment-464\" class=\"wp-caption-text\">Winter J\u00f8ttnj\u00f8l &#8211; J\u00f8tt met parels<\/figcaption><\/figure>\n<figure id=\"attachment_460\" aria-describedby=\"caption-attachment-460\" style=\"width: 225px\" class=\"wp-caption alignnone\"><a href=\"http:\/\/www.merkelenvannix.nl\/wp-content\/uploads\/2009\/11\/JJKerst-Jol-groot3.jpg\" target=\"_blank\" rel=\"http:\/\/www.merkelenvannix.nl\/wp-content\/uploads\/2009\/11\/JJKerst-Jol-groot3.jpg\"><img loading=\"lazy\" decoding=\"async\" class=\"size-medium wp-image-460 \" title=\"JJKerst-Jol-groot3\" src=\"http:\/\/www.merkelenvannix.nl\/wp-content\/uploads\/2009\/11\/JJKerst-Jol-groot3-225x300.jpg\" alt=\"JJKerst-Jol-groot3\" width=\"225\" height=\"300\" srcset=\"http:\/\/www.merkelenvannix.nl\/wp-content\/uploads\/2009\/11\/JJKerst-Jol-groot3-225x300.jpg 225w, http:\/\/www.merkelenvannix.nl\/wp-content\/uploads\/2009\/11\/JJKerst-Jol-groot3-768x1024.jpg 768w\" sizes=\"auto, (max-width: 225px) 100vw, 225px\" \/><\/a><figcaption id=\"caption-attachment-460\" class=\"wp-caption-text\">Winter\u00a0J\u00f8ttnj\u00f8l &#8211; J\u00f8l 3<\/figcaption><\/figure>\n<p>&nbsp;<\/p>\n<blockquote><p>&nbsp;<\/p>\n<p>&nbsp;<\/p>\n<p><strong>Nederlands<\/strong><\/p>\n<p><strong>Winter J\u00f8ttnj\u00f8l<\/strong> &#8211; Met hun manden vol kerstgevoel brengen J\u00f8ttnj\u00f8l licht en warmte tijdens de donkere dagen. Nostalgie van kerst van lang gelee wordt door hun weer afgestoft en opgehaald\u2026 Doet u mee? Zij blijven verzamelen. Zij zijn op zoek naar het geluk in kleine dingen. Samen. Maar of zij het vinden? Ze brengen in ieder geval zelf wat licht in uw duisternis.<\/p><\/blockquote>\n","protected":false},"excerpt":{"rendered":"<p>foto\u2019s en promotekst Klik op de foto om een versie in een hoge resolutie te downloaden. Click on the Picture to download a version in High Resolution (right click \u201cSave link as\u201d) &nbsp; &nbsp; &nbsp; Nederlands Winter J\u00f8ttnj\u00f8l &#8211; Met hun manden vol kerstgevoel brengen J\u00f8ttnj\u00f8l licht en warmte tijdens de donkere dagen. Nostalgie van &hellip; <\/p>\n<p class=\"link-more\"><a href=\"http:\/\/www.merkelenvannix.nl\/gb\/gallery\/press\/press-winter-jottnjol\" class=\"more-link\">Continue reading<span class=\"screen-reader-text\"> &#8220;Press &#8211; Winter J\u00f8ttnj\u00f8l&#8221;<\/span><\/a><\/p>\n","protected":false},"author":1,"featured_media":0,"parent":2140,"menu_order":4,"comment_status":"closed","ping_status":"open","template":"","meta":{"ngg_post_thumbnail":0,"footnotes":""},"class_list":["post-482","page","type-page","status-publish","hentry"],"translation":{"provider":"WPGlobus","version":"3.0.2","language":"gb","enabled_languages":["nl","gb","de","fr","it"],"languages":{"nl":{"title":true,"content":true,"excerpt":false},"gb":{"title":false,"content":false,"excerpt":false},"de":{"title":false,"content":false,"excerpt":false},"fr":{"title":false,"content":false,"excerpt":false},"it":{"title":false,"content":false,"excerpt":false}}},"aioseo_notices":[],"featured_image_src":null,"featured_image_src_square":null,"_links":{"self":[{"href":"http:\/\/www.merkelenvannix.nl\/gb\/wp-json\/wp\/v2\/pages\/482","targetHints":{"allow":["GET"]}}],"collection":[{"href":"http:\/\/www.merkelenvannix.nl\/gb\/wp-json\/wp\/v2\/pages"}],"about":[{"href":"http:\/\/www.merkelenvannix.nl\/gb\/wp-json\/wp\/v2\/types\/page"}],"author":[{"embeddable":true,"href":"http:\/\/www.merkelenvannix.nl\/gb\/wp-json\/wp\/v2\/users\/1"}],"replies":[{"embeddable":true,"href":"http:\/\/www.merkelenvannix.nl\/gb\/wp-json\/wp\/v2\/comments?post=482"}],"version-history":[{"count":31,"href":"http:\/\/www.merkelenvannix.nl\/gb\/wp-json\/wp\/v2\/pages\/482\/revisions"}],"predecessor-version":[{"id":2172,"href":"http:\/\/www.merkelenvannix.nl\/gb\/wp-json\/wp\/v2\/pages\/482\/revisions\/2172"}],"up":[{"embeddable":true,"href":"http:\/\/www.merkelenvannix.nl\/gb\/wp-json\/wp\/v2\/pages\/2140"}],"wp:attachment":[{"href":"http:\/\/www.merkelenvannix.nl\/gb\/wp-json\/wp\/v2\/media?parent=482"}],"curies":[{"name":"wp","href":"https:\/\/api.w.org\/{rel}","templated":true}]}}