{"id":15,"date":"2009-10-27T17:26:29","date_gmt":"2009-10-27T16:26:29","guid":{"rendered":"http:\/\/www.merkelenvannix.nl\/wordpress\/?page_id=15"},"modified":"2019-06-17T23:33:36","modified_gmt":"2019-06-17T21:33:36","slug":"jottnjol","status":"publish","type":"page","link":"http:\/\/www.merkelenvannix.nl\/it\/acts\/jottnjol","title":{"rendered":"J\u00f8ttnj\u00f8l"},"content":{"rendered":"\n<figure class=\"wp-block-image\"><img loading=\"lazy\" decoding=\"async\" width=\"1200\" height=\"865\" src=\"http:\/\/www.merkelenvannix.nl\/wp-content\/uploads\/2019\/01\/Merkel-en-Vannix-J\u00f8ttnj\u00f8l_voorkant-2019-1200x865.jpg\" alt=\"J\u00f8ttnj\u00f8l\" class=\"wp-image-2479\" srcset=\"http:\/\/www.merkelenvannix.nl\/wp-content\/uploads\/2019\/01\/Merkel-en-Vannix-J\u00f8ttnj\u00f8l_voorkant-2019-1200x865.jpg 1200w, http:\/\/www.merkelenvannix.nl\/wp-content\/uploads\/2019\/01\/Merkel-en-Vannix-J\u00f8ttnj\u00f8l_voorkant-2019-420x303.jpg 420w, http:\/\/www.merkelenvannix.nl\/wp-content\/uploads\/2019\/01\/Merkel-en-Vannix-J\u00f8ttnj\u00f8l_voorkant-2019-744x536.jpg 744w, http:\/\/www.merkelenvannix.nl\/wp-content\/uploads\/2019\/01\/Merkel-en-Vannix-J\u00f8ttnj\u00f8l_voorkant-2019-768x554.jpg 768w, http:\/\/www.merkelenvannix.nl\/wp-content\/uploads\/2019\/01\/Merkel-en-Vannix-J\u00f8ttnj\u00f8l_voorkant-2019.jpg 1819w\" sizes=\"auto, (max-width: 767px) 89vw, (max-width: 1000px) 54vw, (max-width: 1071px) 543px, 580px\" \/><figcaption>J\u00f8ttnj\u00f8l<\/figcaption><\/figure>\n\n\n\n<p>Due distinte creature sulla loro strada, con enormi ceste piene di avventure raccolte.<\/p>\n\n\n\n<p>Non\n hanno mai finito di collezionare: dopotutto, tutto ha un valore. \nJ\u00f8ttnj\u00f8l vengono da lontano. Da dove arrivano, o dove stanno andando, \nnessuno lo sa. Ma sono qui ora. La loro curiosit\u00e0 \u00e8 senza limiti, \nraccolgono gli odori e i colori della vita. Una graffetta, un fiore \nessiccato, una pietra fortunata; cose ordinarie ma straordinarie.<\/p>\n\n\n\n<figure class=\"wp-block-image\"><img loading=\"lazy\" decoding=\"async\" width=\"1200\" height=\"899\" src=\"http:\/\/www.merkelenvannix.nl\/wp-content\/uploads\/2018\/04\/B954907A-CEB3-40ED-BBBA-2622E2B386EB-1200x899.jpeg\" alt=\"\" class=\"wp-image-2334\" srcset=\"http:\/\/www.merkelenvannix.nl\/wp-content\/uploads\/2018\/04\/B954907A-CEB3-40ED-BBBA-2622E2B386EB-1200x899.jpeg 1200w, http:\/\/www.merkelenvannix.nl\/wp-content\/uploads\/2018\/04\/B954907A-CEB3-40ED-BBBA-2622E2B386EB-420x314.jpeg 420w, http:\/\/www.merkelenvannix.nl\/wp-content\/uploads\/2018\/04\/B954907A-CEB3-40ED-BBBA-2622E2B386EB-744x557.jpeg 744w, http:\/\/www.merkelenvannix.nl\/wp-content\/uploads\/2018\/04\/B954907A-CEB3-40ED-BBBA-2622E2B386EB-768x575.jpeg 768w, http:\/\/www.merkelenvannix.nl\/wp-content\/uploads\/2018\/04\/B954907A-CEB3-40ED-BBBA-2622E2B386EB.jpeg 1600w\" sizes=\"auto, (max-width: 767px) 89vw, (max-width: 1000px) 54vw, (max-width: 1071px) 543px, 580px\" \/><\/figure>\n\n\n\n<p>Tesori\n personali, che non si adattano alla vita di un adulto. A loro piace \nprendersi cura dei tuoi e dei loro tesori, hanno abbastanza spazio per \ntutti.<\/p>\n\n\n\n<p>Vagano per le strade e i vicoli alla ricerca di altri tesori, alla ricerca della massima sensazione di calore e sicurezza.<\/p>\n\n\n\n<figure class=\"wp-block-image\"><img loading=\"lazy\" decoding=\"async\" width=\"900\" height=\"600\" src=\"http:\/\/www.merkelenvannix.nl\/wp-content\/uploads\/2015\/08\/MV-JJ-Hannover2015.jpg\" alt=\"\" class=\"wp-image-1910\" srcset=\"http:\/\/www.merkelenvannix.nl\/wp-content\/uploads\/2015\/08\/MV-JJ-Hannover2015.jpg 900w, http:\/\/www.merkelenvannix.nl\/wp-content\/uploads\/2015\/08\/MV-JJ-Hannover2015-300x200.jpg 300w, http:\/\/www.merkelenvannix.nl\/wp-content\/uploads\/2015\/08\/MV-JJ-Hannover2015-600x400.jpg 600w\" sizes=\"auto, (max-width: 767px) 89vw, (max-width: 1000px) 54vw, (max-width: 1071px) 543px, 580px\" \/><\/figure>\n\n\n\n<p>J\u00f8ttnj\u00f8l,  un incontro speciale, trover\u00e0 un posto nel cuore di tutti. Teatro di  strada con un\u2019inclinazione poetica. Unico e accattivante.<a href=\"https:\/\/www.mercantiacertaldo.it\/#descrizione\"><\/a><\/p>\n","protected":false},"excerpt":{"rendered":"<p>Due distinte creature sulla loro strada, con enormi ceste piene di avventure raccolte. Non hanno mai finito di collezionare: dopotutto, tutto ha un valore. J\u00f8ttnj\u00f8l vengono da lontano. Da dove arrivano, o dove stanno andando, nessuno lo sa. Ma sono qui ora. La loro curiosit\u00e0 \u00e8 senza limiti, raccolgono gli odori e i colori della &hellip; <\/p>\n<p class=\"link-more\"><a href=\"http:\/\/www.merkelenvannix.nl\/it\/acts\/jottnjol\" class=\"more-link\">Continue reading<span class=\"screen-reader-text\"> &#8220;J\u00f8ttnj\u00f8l&#8221;<\/span><\/a><\/p>\n","protected":false},"author":1,"featured_media":0,"parent":122,"menu_order":2,"comment_status":"open","ping_status":"open","template":"","meta":{"ngg_post_thumbnail":0,"footnotes":""},"class_list":["post-15","page","type-page","status-publish","hentry"],"translation":{"provider":"WPGlobus","version":"3.0.2","language":"it","enabled_languages":["nl","gb","de","fr","it"],"languages":{"nl":{"title":true,"content":true,"excerpt":false},"gb":{"title":true,"content":true,"excerpt":false},"de":{"title":true,"content":true,"excerpt":false},"fr":{"title":true,"content":true,"excerpt":false},"it":{"title":true,"content":true,"excerpt":false}}},"aioseo_notices":[],"featured_image_src":null,"featured_image_src_square":null,"_links":{"self":[{"href":"http:\/\/www.merkelenvannix.nl\/it\/wp-json\/wp\/v2\/pages\/15","targetHints":{"allow":["GET"]}}],"collection":[{"href":"http:\/\/www.merkelenvannix.nl\/it\/wp-json\/wp\/v2\/pages"}],"about":[{"href":"http:\/\/www.merkelenvannix.nl\/it\/wp-json\/wp\/v2\/types\/page"}],"author":[{"embeddable":true,"href":"http:\/\/www.merkelenvannix.nl\/it\/wp-json\/wp\/v2\/users\/1"}],"replies":[{"embeddable":true,"href":"http:\/\/www.merkelenvannix.nl\/it\/wp-json\/wp\/v2\/comments?post=15"}],"version-history":[{"count":102,"href":"http:\/\/www.merkelenvannix.nl\/it\/wp-json\/wp\/v2\/pages\/15\/revisions"}],"predecessor-version":[{"id":3103,"href":"http:\/\/www.merkelenvannix.nl\/it\/wp-json\/wp\/v2\/pages\/15\/revisions\/3103"}],"up":[{"embeddable":true,"href":"http:\/\/www.merkelenvannix.nl\/it\/wp-json\/wp\/v2\/pages\/122"}],"wp:attachment":[{"href":"http:\/\/www.merkelenvannix.nl\/it\/wp-json\/wp\/v2\/media?parent=15"}],"curies":[{"name":"wp","href":"https:\/\/api.w.org\/{rel}","templated":true}]}}