{"id":29,"date":"2009-10-27T17:56:58","date_gmt":"2009-10-27T16:56:58","guid":{"rendered":"http:\/\/www.merkelenvannix.nl\/wordpress\/?page_id=29"},"modified":"2019-07-03T18:50:46","modified_gmt":"2019-07-03T16:50:46","slug":"press-jj","status":"publish","type":"page","link":"http:\/\/www.merkelenvannix.nl\/it\/gallery\/press\/press-jj","title":{"rendered":"Press &#8211; J\u00f8ttnj\u00f8l"},"content":{"rendered":"<h3>J\u00f8ttnj\u00f8l foto&#8217;s en promotekst<\/h3>\n<p>Klik op de foto om een versie in een hoge resolutie te downloaden.<br \/>\nClick on the Picture to download a version in High Resolution<br \/>\n(right click &#8220;Save link as&#8221;)<\/p>\n<p>| <a href=\"http:\/\/www.merkelenvannix.nl\/wp-content\/uploads\/2009\/11\/Jottnjol-Merkel+Vannix-1-HR.jpg\">Picture #1<\/a> | <a href=\"http:\/\/www.merkelenvannix.nl\/wp-content\/uploads\/2009\/11\/Jottnjol-Merkel+Vannix-2-HR.jpg\">Picture #2<\/a> | <a href=\"http:\/\/www.merkelenvannix.nl\/wp-content\/uploads\/2009\/11\/Jottnjol-Merkel+Vannix-3-HR.jpg\">Picture #3<\/a> | <a href=\"http:\/\/www.merkelenvannix.nl\/wp-content\/uploads\/2016\/10\/J\u00f8ttnj\u00f8l-2015-.jpg\">Picture #4<\/a> | <a href=\"http:\/\/www.merkelenvannix.nl\/wp-content\/uploads\/2019\/02\/Merkel-en-Vannix-Jottnjol-field-HR.jpg\">Picture #5<\/a><\/p>\n<figure id=\"attachment_329\" aria-describedby=\"caption-attachment-329\" style=\"width: 300px\" class=\"wp-caption alignleft\"><a href=\"http:\/\/www.merkelenvannix.nl\/wp-content\/uploads\/2009\/11\/Jottnjol-Merkel+Vannix-1-HR.jpg\" target=\"_blank\" rel=\"noopener noreferrer\"><img loading=\"lazy\" decoding=\"async\" class=\"size-medium wp-image-329 \" title=\"Jottnjol-Merkel+Vannix-1-HR\" src=\"http:\/\/www.merkelenvannix.nl\/wp-content\/uploads\/2009\/11\/Jottnjol-Merkel+Vannix-1-HR-300x199.jpg\" alt=\"Merkel &amp; Vannix - J\u00f8ttnj\u00f8l -1- Photo: Ben de Haas\" width=\"300\" height=\"199\" srcset=\"http:\/\/www.merkelenvannix.nl\/wp-content\/uploads\/2009\/11\/Jottnjol-Merkel+Vannix-1-HR-300x199.jpg 300w, http:\/\/www.merkelenvannix.nl\/wp-content\/uploads\/2009\/11\/Jottnjol-Merkel+Vannix-1-HR-1024x680.jpg 1024w\" sizes=\"auto, (max-width: 300px) 100vw, 300px\" \/><\/a><figcaption id=\"caption-attachment-329\" class=\"wp-caption-text\">Merkel &amp; Vannix &#8211; J\u00f8ttnj\u00f8l | #1 Photo: Ben de Haas<\/figcaption><\/figure>\n<figure id=\"attachment_330\" aria-describedby=\"caption-attachment-330\" style=\"width: 300px\" class=\"wp-caption alignleft\"><a href=\"http:\/\/www.merkelenvannix.nl\/wp-content\/uploads\/2009\/11\/Jottnjol-Merkel+Vannix-2-HR.jpg\" target=\"_blank\" rel=\"noopener noreferrer\"><img loading=\"lazy\" decoding=\"async\" class=\"size-medium wp-image-330 \" title=\"Jottnjol-Merkel+Vannix-2-HR\" src=\"http:\/\/www.merkelenvannix.nl\/wp-content\/uploads\/2009\/11\/Jottnjol-Merkel+Vannix-2-HR-300x300.jpg\" alt=\"Merkel &amp; Vannix - J\u00f8ttnj\u00f8l #2 \u00a9 Ben de Haas\" width=\"300\" height=\"300\" srcset=\"http:\/\/www.merkelenvannix.nl\/wp-content\/uploads\/2009\/11\/Jottnjol-Merkel+Vannix-2-HR-300x300.jpg 300w, http:\/\/www.merkelenvannix.nl\/wp-content\/uploads\/2009\/11\/Jottnjol-Merkel+Vannix-2-HR-150x150.jpg 150w, http:\/\/www.merkelenvannix.nl\/wp-content\/uploads\/2009\/11\/Jottnjol-Merkel+Vannix-2-HR-1024x1024.jpg 1024w\" sizes=\"auto, (max-width: 300px) 100vw, 300px\" \/><\/a><figcaption id=\"caption-attachment-330\" class=\"wp-caption-text\">Merkel &amp; Vannix &#8211; J\u00f8ttnj\u00f8l | #2 Photo: Ben de Haas<\/figcaption><\/figure>\n<figure id=\"attachment_331\" aria-describedby=\"caption-attachment-331\" style=\"width: 300px\" class=\"wp-caption alignleft\"><a href=\"http:\/\/www.merkelenvannix.nl\/wp-content\/uploads\/2009\/11\/Jottnjol-Merkel+Vannix-3-HR.jpg\" target=\"_blank\" rel=\"noopener noreferrer\"><img loading=\"lazy\" decoding=\"async\" class=\"size-medium wp-image-331 \" title=\"Jottnjol-Merkel+Vannix-3-HR\" src=\"http:\/\/www.merkelenvannix.nl\/wp-content\/uploads\/2009\/11\/Jottnjol-Merkel+Vannix-3-HR-300x199.jpg\" alt=\"Merkel &amp; Vannix - J\u00f8ttnj\u00f8l -3- Photo: Ben de Haas\" width=\"300\" height=\"199\" srcset=\"http:\/\/www.merkelenvannix.nl\/wp-content\/uploads\/2009\/11\/Jottnjol-Merkel+Vannix-3-HR-300x199.jpg 300w, http:\/\/www.merkelenvannix.nl\/wp-content\/uploads\/2009\/11\/Jottnjol-Merkel+Vannix-3-HR-1024x680.jpg 1024w\" sizes=\"auto, (max-width: 300px) 100vw, 300px\" \/><\/a><figcaption id=\"caption-attachment-331\" class=\"wp-caption-text\">Merkel &amp; Vannix &#8211; J\u00f8ttnj\u00f8l | #3 Photo: Ben de Haas<\/figcaption><\/figure>\n<figure id=\"attachment_1910\" aria-describedby=\"caption-attachment-1910\" style=\"width: 300px\" class=\"wp-caption alignleft\"><a href=\"http:\/\/www.merkelenvannix.nl\/wp-content\/uploads\/2016\/10\/J\u00f8ttnj\u00f8l-2015-.jpg\"><img loading=\"lazy\" decoding=\"async\" class=\"wp-image-1910 size-medium\" src=\"http:\/\/www.merkelenvannix.nl\/wp-content\/uploads\/2015\/08\/MV-JJ-Hannover2015-300x200.jpg\" alt=\"Merkel &amp; Vannix - J\u00f8ttnj\u00f8l | #4 Photo: Olaf Pfl\u00fcger\" width=\"300\" height=\"200\" srcset=\"http:\/\/www.merkelenvannix.nl\/wp-content\/uploads\/2015\/08\/MV-JJ-Hannover2015-300x200.jpg 300w, http:\/\/www.merkelenvannix.nl\/wp-content\/uploads\/2015\/08\/MV-JJ-Hannover2015-600x400.jpg 600w, http:\/\/www.merkelenvannix.nl\/wp-content\/uploads\/2015\/08\/MV-JJ-Hannover2015.jpg 900w\" sizes=\"auto, (max-width: 300px) 100vw, 300px\" \/><\/a><figcaption id=\"caption-attachment-1910\" class=\"wp-caption-text\">Merkel &amp; Vannix &#8211; J\u00f8ttnj\u00f8l | #4 Photo: Olaf Pfl\u00fcger<\/figcaption><\/figure>\n<figure id=\"attachment_2988\" aria-describedby=\"caption-attachment-2988\" style=\"width: 300px\" class=\"wp-caption alignleft\"><a href=\"http:\/\/www.merkelenvannix.nl\/wp-content\/uploads\/2019\/02\/Merkel-en-Vannix-Jottnjol-field-HR.jpg\"><img loading=\"lazy\" decoding=\"async\" class=\"wp-image-2988\" title=\"Jottnjol-Merkel+Vannix-1-HR\" src=\"http:\/\/www.merkelenvannix.nl\/wp-content\/uploads\/2019\/02\/Merkel-en-Vannix-Jottnjol-field-HR.jpg\" alt=\"Merkel &amp; Vannix - J\u00f8ttnj\u00f8l\" width=\"300\" height=\"199\" srcset=\"http:\/\/www.merkelenvannix.nl\/wp-content\/uploads\/2019\/02\/Merkel-en-Vannix-Jottnjol-field-HR.jpg 4288w, http:\/\/www.merkelenvannix.nl\/wp-content\/uploads\/2019\/02\/Merkel-en-Vannix-Jottnjol-field-HR-420x279.jpg 420w, http:\/\/www.merkelenvannix.nl\/wp-content\/uploads\/2019\/02\/Merkel-en-Vannix-Jottnjol-field-HR-744x494.jpg 744w, http:\/\/www.merkelenvannix.nl\/wp-content\/uploads\/2019\/02\/Merkel-en-Vannix-Jottnjol-field-HR-768x510.jpg 768w, http:\/\/www.merkelenvannix.nl\/wp-content\/uploads\/2019\/02\/Merkel-en-Vannix-Jottnjol-field-HR-1200x797.jpg 1200w, http:\/\/www.merkelenvannix.nl\/wp-content\/uploads\/2019\/02\/Merkel-en-Vannix-Jottnjol-field-HR-600x400.jpg 600w, http:\/\/www.merkelenvannix.nl\/wp-content\/uploads\/2019\/02\/Merkel-en-Vannix-Jottnjol-field-HR-100x66.jpg 100w, http:\/\/www.merkelenvannix.nl\/wp-content\/uploads\/2019\/02\/Merkel-en-Vannix-Jottnjol-field-HR-151x100.jpg 151w, http:\/\/www.merkelenvannix.nl\/wp-content\/uploads\/2019\/02\/Merkel-en-Vannix-Jottnjol-field-HR-964x640.jpg 964w, http:\/\/www.merkelenvannix.nl\/wp-content\/uploads\/2019\/02\/Merkel-en-Vannix-Jottnjol-field-HR-1156x768.jpg 1156w, http:\/\/www.merkelenvannix.nl\/wp-content\/uploads\/2019\/02\/Merkel-en-Vannix-Jottnjol-field-HR-1024x680.jpg 1024w\" sizes=\"auto, (max-width: 300px) 100vw, 300px\" \/><\/a><figcaption id=\"caption-attachment-2988\" class=\"wp-caption-text\">Merkel &amp; Vannix &#8211; J\u00f8ttnj\u00f8l Photo: Peter Philips<\/figcaption><\/figure>\n<h5>&nbsp;<\/h5>\n<h5>Nederlands<\/h5>\n<blockquote><p><strong>J\u00f8ttnj\u00f8l<\/strong><br \/>\nTheatergroep Merkel &amp; Vannix komt uit Nederland en brengt figurentheater op straat. Waar J\u00f8ttnj\u00f8l vandaan komen weet niemand en waar ze naar toegaan weet men al evenmin. Maar nu zijn ze hier.<\/p>\n<p>Ze zijn nieuwsgierig en onstuitbaar. Twee aparte wezens op weg met gigantische manden vol verzamelde avonturen. En ze blijven verzamelen. J\u00f8ttnj\u00f8l zorgen graag voor hun en uw schatten, zij hebben plaats genoeg in hun manden. Immers, alles is van waarde.<\/p>\n<p>Straattheater met een po\u00ebtische grondslag. Bijzonder en vertederend.<\/p>\n<p>Spelers: Tim Velraeds &amp; Gijs Vennix (www.merkelenvannix.nl)<\/p><\/blockquote>\n<hr \/>\n<h5>Deutsch<\/h5>\n<blockquote><p><strong>J\u00f8ttnj\u00f8l<\/strong><br \/>\nDie Theatergruppe Merkel &amp; Vannix&nbsp; kommt aus den Niederlanden. Jedoch wo J\u00f8ttnj\u00f8l herkommen, wei\u00df niemand und wohin sie gehen, wei\u00df man auch nicht, aber nun sind sie hier.<\/p>\n<p>Ihre Neugier ist unermesslich, ihre Sammelleidenschaft auch. Sie raffen die D\u00fcfte und Farben der Welt zusammen und interessieren sich f\u00fcr alles. Auf der Suche nach den ganz pers\u00f6nlichen Sch\u00e4tzen unserer Zeit: einer getrockneten Blume, ein sch\u00f6ner Stein, kleine Kostbarkeiten, f\u00fcr die in unserer Welt kein Platz mehr ist. J\u00f8ttnj\u00f8l nehmen sich dieser Dinge an, verwahren sie gut und suchen weiter nach Erinnerungen und Abenteuern, genug Platz f\u00fcr ihre Sch\u00e4tze haben sie in den gro\u00dfen K\u00f6rben auf ihrem R\u00fccken und einen Platz finden diese niedlichen Wesen direkt in den Herzen der Vorbeig\u00e4nger.<\/p>\n<p>J\u00f8ttnj\u00f8l ist ein Figurentheater Walkact. Zwei au\u00dfergew\u00f6hnliche Gestalten unterwegs mit ihren K\u00f6rben voller gesammelter Abenteuer. Sie h\u00f6ren nie mit dem Sammeln auf, schlie\u00dflich hat alles einen Wert.<\/p>\n<p>Stra\u00dfentheater mit einer poetischen Stimmung. Einzigartig und liebenswert.<\/p>\n<p>Spieler: Tim Velraeds und Gijs Vennix. (www.merkelenvannix.nl)<\/p><\/blockquote>\n<hr \/>\n<h5>English<\/h5>\n<blockquote><p><strong>J\u00f8ttnj\u00f8l<\/strong><\/p>\n<p><em>Theatre group Merkel &amp; Vannix are from The Netherlands. Where J\u00f8ttnj\u00f8l come from, or where they are heading no-one knows. But they are here now. <\/em><\/p>\n<p><em>Their curiosity is boundless, they gather the odours and colours of life and wonder about everything you carry with you or leave behind. Who still cherishes treasures found at the beach, long long ago? Who still has them? That very first marble, or maybe the last one? A paperclip, a dried flower, a lucky stone. Ordinary yet extraordinary things. Personal treasures, that don\u2019t fit in the life of a grownup. J\u00f8ttnj\u00f8l love to take care of your and their treasures, they have enough room to care for all of them. They roam the streets and alleyways looking for more treasures, searching for the ultimate sensation of warmth and safety, J\u00f8ttnj\u00f8l, a special encounter, will find a place in everyone\u2019s heart. <\/em><\/p>\n<p><em>J\u00f8ttnj\u00f8l is a puppetry walkabout act. Two distinct creatures on their way, with enormous baskets filled with gathered adventures. They\u2019ve never finished collecting: after all, everything is of value. <\/em><\/p>\n<p><em>Street theatre with a poetic disposition. Unique and endearing.<br \/>\n<\/em><\/p>\n<p><em>Puppeteers: Tim Velraeds and Gijs Vennix. (www.merkelenvannix.nl)<\/em><\/p><\/blockquote>\n<hr \/>\n<h5>Fran\u00e7ais<\/h5>\n<blockquote><p><strong>J\u00f8ttnj\u00f8l<\/strong><\/p>\n<p>J\u00f8ttnj\u00f8l est du&nbsp;th\u00e9\u00e2tre&nbsp;de marionnettes de la rue. Deux cr\u00e9atures extraordinaire avec des gros corbeilles remplies d&#8217;aventures. Ils ne finiront jamais de collectionner. Tout a de la valeur! Th\u00e9\u00e0tre de rue po\u00e9tique. Exceptionnel et touchant.<\/p>\n<p>Tim Velraeds et Gijs Vennix. (www.merkelenvannix.nl)<\/p><\/blockquote>\n<h5>Fran\u00e7ais<\/h5>\n<blockquote><p><strong>J\u00f8ttnj\u00f8l<\/strong><\/p>\n<p>Les J\u00f8ttnj\u00f8l viennent de tr\u00e8s loin. Personne ne sait d&#8217;o\u00f9 exactement. Ces deux cr\u00e9atures dot\u00e9es de hottes emplies de leurs aventures ont une curiosit\u00e9 sans bornes. Ils aiment cueillir les senteurs et les couleurs de la vie, et s&#8217;interrogent sur tout ce que nous emportons avec nous ou laissons derri\u00e8re nous.<\/p>\n<p>Les J\u00f8ttnj\u00f8l adorent prendre soin d\u2019un tas d\u2019objets trouv\u00e9s, ils ont de la place pour chacun&#8230; D\u00e9ambulation de marionnettes \u00e0 taille humaine, les J\u00f8ttnj\u00f8l c\u2019est du th\u00e9\u00e2tre de rue po\u00e9tique, unique et captivant!<\/p>\n<p>Tim Velraeds et Gijs Vennix. (www.merkelenvannix.nl)<\/p><\/blockquote>\n<hr \/>\n<h5>Italiano<\/h5>\n<blockquote>\n<p id=\"reply-title\" class=\"comment-reply-title\"><em><strong>J\u00f8ttnj\u00f8l <\/strong><\/em><\/p>\n<p class=\"comment-reply-title\">Due distinte creature sulla loro strada, con enormi ceste piene di avventure raccolte. Non hanno mai finito di collezionare: dopotutto, tutto ha un valore. J\u00f8ttnj\u00f8l vengono da lontano. Da dove arrivano, o dove stanno andando, nessuno lo sa. Ma sono qui ora. La loro curiosit\u00e0 \u00e8 senza limiti, raccolgono gli odori e i colori della vita. Una graffetta, un fiore essiccato, una pietra fortunata; cose ordinarie ma straordinarie. Tesori personali, che non si adattano alla vita di un adulto. A loro piace prendersi cura dei tuoi e dei loro tesori, hanno abbastanza spazio per tutti. Vagano per le strade e i vicoli alla ricerca di altri tesori, alla ricerca della massima sensazione di calore e sicurezza.<\/p>\n<p class=\"comment-reply-title\">J\u00f8ttnj\u00f8l, un incontro speciale, trover\u00e0 un posto nel cuore di tutti. Teatro di strada con un\u2019inclinazione poetica. Unico e accattivante.<\/p>\n<p class=\"comment-reply-title\">Tim Velraeds &amp; Gijs Vennix. (www.merkelenvannix.nl)<\/p>\n<\/blockquote>\n<article id=\"post-15\" class=\"post-15 page type-page status-publish hentry\"><\/article>\n<p><span style=\"border-radius: 2px; text-indent: 20px; width: auto; padding: 0px 4px 0px 0px; text-align: center; font: bold 11px\/20px 'Helvetica Neue',Helvetica,sans-serif; color: #ffffff; background: #bd081c no-repeat scroll 3px 50% \/ 14px 14px; position: absolute; opacity: 1; z-index: 8675309; display: none; cursor: pointer; top: 1166px; left: 755px;\">Bewaren<\/span><\/p>\n<p><span style=\"border-radius: 2px; text-indent: 20px; width: auto; padding: 0px 4px 0px 0px; text-align: center; font: bold 11px\/20px 'Helvetica Neue',Helvetica,sans-serif; color: #ffffff; background: #bd081c no-repeat scroll 3px 50% \/ 14px 14px; position: absolute; opacity: 1; z-index: 8675309; display: none; cursor: pointer; top: 1187px; left: 755px;\">Bewaren<\/span><\/p>\n<p><span style=\"border-radius: 2px; text-indent: 20px; width: auto; padding: 0px 4px 0px 0px; text-align: center; font: bold 11px\/20px 'Helvetica Neue',Helvetica,sans-serif; color: #ffffff; background: #bd081c no-repeat scroll 3px 50% \/ 14px 14px; position: absolute; opacity: 1; z-index: 8675309; display: none; cursor: pointer;\">Bewaren<\/span><\/p>\n<p><span style=\"border-radius: 2px; text-indent: 20px; width: auto; padding: 0px 4px 0px 0px; text-align: center; font: bold 11px\/20px 'Helvetica Neue',Helvetica,sans-serif; color: #ffffff; background: #bd081c no-repeat scroll 3px 50% \/ 14px 14px; position: absolute; opacity: 1; z-index: 8675309; display: none; cursor: pointer; top: 214px; left: 162px;\">Bewaren<\/span><\/p>\n<p><span style=\"border-radius: 2px; text-indent: 20px; width: auto; padding: 0px 4px 0px 0px; text-align: center; font: bold 11px\/20px 'Helvetica Neue',Helvetica,sans-serif; color: #ffffff; background: #bd081c  no-repeat scroll 3px 50% \/ 14px 14px; position: absolute; opacity: 1; z-index: 8675309; display: none; cursor: pointer; top: 214px; left: 162px;\">Bewaren<\/span><\/p>\n","protected":false},"excerpt":{"rendered":"<p>J\u00f8ttnj\u00f8l foto&#8217;s en promotekst Klik op de foto om een versie in een hoge resolutie te downloaden. Click on the Picture to download a version in High Resolution (right click &#8220;Save link as&#8221;) | Picture #1 | Picture #2 | Picture #3 | Picture #4 | Picture #5 &nbsp; Nederlands J\u00f8ttnj\u00f8l Theatergroep Merkel &amp; Vannix &hellip; <\/p>\n<p class=\"link-more\"><a href=\"http:\/\/www.merkelenvannix.nl\/it\/gallery\/press\/press-jj\" class=\"more-link\">Continue reading<span class=\"screen-reader-text\"> &#8220;Press &#8211; J\u00f8ttnj\u00f8l&#8221;<\/span><\/a><\/p>\n","protected":false},"author":1,"featured_media":0,"parent":2140,"menu_order":3,"comment_status":"open","ping_status":"open","template":"","meta":{"ngg_post_thumbnail":0,"footnotes":""},"class_list":["post-29","page","type-page","status-publish","hentry"],"translation":{"provider":"WPGlobus","version":"3.0.2","language":"it","enabled_languages":["nl","gb","de","fr","it"],"languages":{"nl":{"title":true,"content":true,"excerpt":false},"gb":{"title":false,"content":false,"excerpt":false},"de":{"title":false,"content":false,"excerpt":false},"fr":{"title":false,"content":false,"excerpt":false},"it":{"title":false,"content":false,"excerpt":false}}},"aioseo_notices":[],"featured_image_src":null,"featured_image_src_square":null,"_links":{"self":[{"href":"http:\/\/www.merkelenvannix.nl\/it\/wp-json\/wp\/v2\/pages\/29","targetHints":{"allow":["GET"]}}],"collection":[{"href":"http:\/\/www.merkelenvannix.nl\/it\/wp-json\/wp\/v2\/pages"}],"about":[{"href":"http:\/\/www.merkelenvannix.nl\/it\/wp-json\/wp\/v2\/types\/page"}],"author":[{"embeddable":true,"href":"http:\/\/www.merkelenvannix.nl\/it\/wp-json\/wp\/v2\/users\/1"}],"replies":[{"embeddable":true,"href":"http:\/\/www.merkelenvannix.nl\/it\/wp-json\/wp\/v2\/comments?post=29"}],"version-history":[{"count":126,"href":"http:\/\/www.merkelenvannix.nl\/it\/wp-json\/wp\/v2\/pages\/29\/revisions"}],"predecessor-version":[{"id":3185,"href":"http:\/\/www.merkelenvannix.nl\/it\/wp-json\/wp\/v2\/pages\/29\/revisions\/3185"}],"up":[{"embeddable":true,"href":"http:\/\/www.merkelenvannix.nl\/it\/wp-json\/wp\/v2\/pages\/2140"}],"wp:attachment":[{"href":"http:\/\/www.merkelenvannix.nl\/it\/wp-json\/wp\/v2\/media?parent=29"}],"curies":[{"name":"wp","href":"https:\/\/api.w.org\/{rel}","templated":true}]}}